{"id":8150,"date":"2015-10-23T08:48:43","date_gmt":"2015-10-23T08:48:43","guid":{"rendered":"http:\/\/staroriga.lv\/?page_id=8150"},"modified":"2015-10-23T08:48:43","modified_gmt":"2015-10-23T08:48:43","slug":"old-video","status":"publish","type":"page","link":"https:\/\/staroriga.lv\/lv\/old-video\/","title":{"rendered":"old video"},"content":{"rendered":"<p>https:\/\/www.youtube.com\/watch?v=UgfHUfsf32Y<\/p>\n<div class=\"responsive-container\"><iframe loading=\"lazy\" title=\"\u201eStaro R\u012bga 2014\u201d 6.dienasgr\u0101mata\" width=\"1778\" height=\"1000\" src=\"https:\/\/www.youtube.com\/embed\/5nk9sAif1ps?feature=oembed\" frameborder=\"0\" allow=\"accelerometer; autoplay; clipboard-write; encrypted-media; gyroscope; picture-in-picture; web-share\" referrerpolicy=\"strict-origin-when-cross-origin\" allowfullscreen><\/iframe><\/div>\n<div class=\"responsive-container\"><iframe loading=\"lazy\" title=\"\u201eStaro R\u012bga 2014\u201d 5.dienasgr\u0101mata\" width=\"1778\" height=\"1000\" src=\"https:\/\/www.youtube.com\/embed\/VtW7d1cqTzE?feature=oembed\" frameborder=\"0\" allow=\"accelerometer; autoplay; clipboard-write; encrypted-media; gyroscope; picture-in-picture; web-share\" referrerpolicy=\"strict-origin-when-cross-origin\" allowfullscreen><\/iframe><\/div>\n<div class=\"responsive-container\"><iframe loading=\"lazy\" title=\"Staro R\u012bga 2014 objekti\" width=\"1778\" height=\"1000\" src=\"https:\/\/www.youtube.com\/embed\/2VV-egRGYZ8?feature=oembed\" frameborder=\"0\" allow=\"accelerometer; autoplay; clipboard-write; encrypted-media; gyroscope; picture-in-picture; web-share\" referrerpolicy=\"strict-origin-when-cross-origin\" allowfullscreen><\/iframe><\/div>\n<div class=\"responsive-container\"><iframe loading=\"lazy\" title=\"Staro R\u012bga 2014 objekti\" width=\"1778\" height=\"1000\" src=\"https:\/\/www.youtube.com\/embed\/gDVdelmZs-0?feature=oembed\" frameborder=\"0\" allow=\"accelerometer; autoplay; clipboard-write; encrypted-media; gyroscope; picture-in-picture; web-share\" referrerpolicy=\"strict-origin-when-cross-origin\" allowfullscreen><\/iframe><\/div>\n<div class=\"responsive-container\"><iframe loading=\"lazy\" title=\"\u201eStaro R\u012bga 2014\u201d 4.dienasgr\u0101mata\" width=\"1778\" height=\"1000\" src=\"https:\/\/www.youtube.com\/embed\/s_AQ73J-Nr4?feature=oembed\" frameborder=\"0\" allow=\"accelerometer; autoplay; clipboard-write; encrypted-media; gyroscope; picture-in-picture; web-share\" referrerpolicy=\"strict-origin-when-cross-origin\" allowfullscreen><\/iframe><\/div>\n<div class=\"responsive-container\"><iframe loading=\"lazy\" title=\"Saeima piedal\u0101s gaismas festiv\u0101l\u0101 &quot;Staro R\u012bga 2014&quot;\" width=\"1778\" height=\"1000\" src=\"https:\/\/www.youtube.com\/embed\/Jz_bHmnRlC4?feature=oembed\" frameborder=\"0\" allow=\"accelerometer; autoplay; clipboard-write; encrypted-media; gyroscope; picture-in-picture; web-share\" referrerpolicy=\"strict-origin-when-cross-origin\" allowfullscreen><\/iframe><\/div>\n<div class=\"responsive-container\"><iframe loading=\"lazy\" title=\"Staro R\u012bga 2014 objekti\" width=\"1778\" height=\"1000\" src=\"https:\/\/www.youtube.com\/embed\/xUEAlkRS99E?feature=oembed\" frameborder=\"0\" allow=\"accelerometer; autoplay; clipboard-write; encrypted-media; gyroscope; picture-in-picture; web-share\" referrerpolicy=\"strict-origin-when-cross-origin\" allowfullscreen><\/iframe><\/div>\n<div class=\"responsive-container\"><iframe loading=\"lazy\" title=\"Staro R\u012bga 2014 objekti\" width=\"1778\" height=\"1000\" src=\"https:\/\/www.youtube.com\/embed\/aOYeYDoqDl0?feature=oembed\" frameborder=\"0\" allow=\"accelerometer; autoplay; clipboard-write; encrypted-media; gyroscope; picture-in-picture; web-share\" referrerpolicy=\"strict-origin-when-cross-origin\" allowfullscreen><\/iframe><\/div>\n<div class=\"responsive-container\"><iframe loading=\"lazy\" title=\"\u201eStaro R\u012bga 2014\u201d 3.dienasgr\u0101mata\" width=\"1778\" height=\"1000\" src=\"https:\/\/www.youtube.com\/embed\/ggjZw5TtE3Q?feature=oembed\" frameborder=\"0\" allow=\"accelerometer; autoplay; clipboard-write; encrypted-media; gyroscope; picture-in-picture; web-share\" referrerpolicy=\"strict-origin-when-cross-origin\" allowfullscreen><\/iframe><\/div>\n<div class=\"responsive-container\"><iframe loading=\"lazy\" title=\"Staro R\u012bga 2014 - ieskats\" width=\"1778\" height=\"1000\" src=\"https:\/\/www.youtube.com\/embed\/2Rp5fWoksfI?feature=oembed\" frameborder=\"0\" allow=\"accelerometer; autoplay; clipboard-write; encrypted-media; gyroscope; picture-in-picture; web-share\" referrerpolicy=\"strict-origin-when-cross-origin\" allowfullscreen><\/iframe><\/div>\n<div class=\"responsive-container\"><iframe loading=\"lazy\" title=\"\u201eStaro R\u012bga 2014\u201d 2.dienasgr\u0101mata\" width=\"1778\" height=\"1000\" src=\"https:\/\/www.youtube.com\/embed\/vBeDBKRofNA?feature=oembed\" frameborder=\"0\" allow=\"accelerometer; autoplay; clipboard-write; encrypted-media; gyroscope; picture-in-picture; web-share\" referrerpolicy=\"strict-origin-when-cross-origin\" allowfullscreen><\/iframe><\/div>\n<div class=\"responsive-container\"><iframe loading=\"lazy\" title=\"\u201eStaro R\u012bga 2014\u201d 1.dienasgr\u0101mata\" width=\"1778\" height=\"1000\" src=\"https:\/\/www.youtube.com\/embed\/HP66m-rX7fM?feature=oembed\" frameborder=\"0\" allow=\"accelerometer; autoplay; clipboard-write; encrypted-media; gyroscope; picture-in-picture; web-share\" referrerpolicy=\"strict-origin-when-cross-origin\" allowfullscreen><\/iframe><\/div>\n<div class=\"responsive-container\"><iframe loading=\"lazy\" title=\"Dimants. Sap\u0146u lidojums\" width=\"1778\" height=\"1000\" src=\"https:\/\/www.youtube.com\/embed\/Rtn7mlY0WpI?feature=oembed\" frameborder=\"0\" allow=\"accelerometer; autoplay; clipboard-write; encrypted-media; gyroscope; picture-in-picture; web-share\" referrerpolicy=\"strict-origin-when-cross-origin\" allowfullscreen><\/iframe><\/div>\n<p>[iframe src=&#8221;\/\/player.vimeo.com\/video\/111781606&#8243; width=&#8221;500&#8243; height=&#8221;281&#8243; frameborder=&#8221;0&#8243; webkitallowfullscreen mozallowfullscreen allowfullscreen]<\/p>\n<div class=\"responsive-container\"><iframe loading=\"lazy\" title=\"Iel\u016bkojies Ministru kabineta izgaismo\u0161anas projekta aizkulis\u0113s\" width=\"1778\" height=\"1000\" src=\"https:\/\/www.youtube.com\/embed\/ILzeT-AX7tE?feature=oembed\" frameborder=\"0\" allow=\"accelerometer; autoplay; clipboard-write; encrypted-media; gyroscope; picture-in-picture; web-share\" referrerpolicy=\"strict-origin-when-cross-origin\" allowfullscreen><\/iframe><\/div>\n<div class=\"responsive-container\"><iframe loading=\"lazy\" title=\"work in progress\" width=\"1778\" height=\"1000\" src=\"https:\/\/www.youtube.com\/embed\/4UXJjqke5cw?feature=oembed\" frameborder=\"0\" allow=\"accelerometer; autoplay; clipboard-write; encrypted-media; gyroscope; picture-in-picture; web-share\" referrerpolicy=\"strict-origin-when-cross-origin\" allowfullscreen><\/iframe><\/div>\n<p>[iframe src=&#8221;\/\/player.vimeo.com\/video\/111535230&#8243; height=&#8221;281&#8243; width=&#8221;500&#8243; allowfullscreen=&#8221;&#8221; frameborder=&#8221;0&#8243;]<\/p>\n<div class=\"responsive-container\"><iframe loading=\"lazy\" title=\"SP\u012aDO\u0160\u0100 PAR\u0100DE  \u201cGAISMAS SLEPEN\u0100 DZ\u012aVE&quot;\" width=\"1778\" height=\"1000\" src=\"https:\/\/www.youtube.com\/embed\/F8Dpces37i8?feature=oembed\" frameborder=\"0\" allow=\"accelerometer; autoplay; clipboard-write; encrypted-media; gyroscope; picture-in-picture; web-share\" referrerpolicy=\"strict-origin-when-cross-origin\" allowfullscreen><\/iframe><\/div>\n<div class=\"responsive-container\"><iframe loading=\"lazy\" title=\"M\u0101ksliniece ORLAN aicina uz STARO R\u012aGA 2014\" width=\"1778\" height=\"1000\" src=\"https:\/\/www.youtube.com\/embed\/uPVsqVs0U2I?feature=oembed\" frameborder=\"0\" allow=\"accelerometer; autoplay; clipboard-write; encrypted-media; gyroscope; picture-in-picture; web-share\" referrerpolicy=\"strict-origin-when-cross-origin\" allowfullscreen><\/iframe><\/div>\n<div class=\"responsive-container\"><iframe loading=\"lazy\" title=\"Staro R\u012bga 2014 - Piedalies R\u012bgas karnev\u0101l\u0101 un izgaismo savu pils\u0113tu!\" width=\"1778\" height=\"1000\" src=\"https:\/\/www.youtube.com\/embed\/sFpzt87JKAg?feature=oembed\" frameborder=\"0\" allow=\"accelerometer; autoplay; clipboard-write; encrypted-media; gyroscope; picture-in-picture; web-share\" referrerpolicy=\"strict-origin-when-cross-origin\" allowfullscreen><\/iframe><\/div>\n<div class=\"responsive-container\"><iframe loading=\"lazy\" title=\"Staro R\u012bga 2014 - Piedalies R\u012bgas karnev\u0101l\u0101 un izgaismo savu pils\u0113tu!\" width=\"1778\" height=\"1000\" src=\"https:\/\/www.youtube.com\/embed\/2140u1BEx-s?feature=oembed\" frameborder=\"0\" allow=\"accelerometer; autoplay; clipboard-write; encrypted-media; gyroscope; picture-in-picture; web-share\" referrerpolicy=\"strict-origin-when-cross-origin\" allowfullscreen><\/iframe><\/div>\n<div class=\"responsive-container\"><iframe loading=\"lazy\" title=\"Staro R\u012bga 2014 objekts &quot;Gaismas slepen\u0101 dz\u012bve&quot; promo\" width=\"1778\" height=\"1000\" src=\"https:\/\/www.youtube.com\/embed\/xKVuzJlV1lU?feature=oembed\" frameborder=\"0\" allow=\"accelerometer; autoplay; clipboard-write; encrypted-media; gyroscope; picture-in-picture; web-share\" referrerpolicy=\"strict-origin-when-cross-origin\" allowfullscreen><\/iframe><\/div>\n<div class=\"responsive-container\"><iframe loading=\"lazy\" title=\"Staro R\u012bga 2014 ir kl\u0101t!\" width=\"1778\" height=\"1000\" src=\"https:\/\/www.youtube.com\/embed\/my9tVBONKl0?feature=oembed\" frameborder=\"0\" allow=\"accelerometer; autoplay; clipboard-write; encrypted-media; gyroscope; picture-in-picture; web-share\" referrerpolicy=\"strict-origin-when-cross-origin\" allowfullscreen><\/iframe><\/div>\n<div class=\"responsive-container\"><iframe loading=\"lazy\" title=\"ORLAN PILS\u0112T\u0100 \/ Staro R\u012bga 2014\" width=\"1778\" height=\"1000\" src=\"https:\/\/www.youtube.com\/embed\/LzJ75KyHIc8?feature=oembed\" frameborder=\"0\" allow=\"accelerometer; autoplay; clipboard-write; encrypted-media; gyroscope; picture-in-picture; web-share\" referrerpolicy=\"strict-origin-when-cross-origin\" allowfullscreen><\/iframe><\/div>\n<p>https:\/\/www.youtube.com\/watch?v=iYIjU72TP0I<\/p>","protected":false},"excerpt":{"rendered":"<p>https:\/\/www.youtube.com\/watch?v=UgfHUfsf32Y [iframe src=&#8221;\/\/player.vimeo.com\/video\/111781606&#8243; width=&#8221;500&#8243; height=&#8221;281&#8243; frameborder=&#8221;0&#8243; webkitallowfullscreen mozallowfullscreen allowfullscreen] [iframe src=&#8221;\/\/player.vimeo.com\/video\/111535230&#8243; height=&#8221;281&#8243; width=&#8221;500&#8243; allowfullscreen=&#8221;&#8221; frameborder=&#8221;0&#8243;] https:\/\/www.youtube.com\/watch?v=iYIjU72TP0I<\/p>\n","protected":false},"author":1,"featured_media":0,"parent":0,"menu_order":0,"comment_status":"closed","ping_status":"closed","template":"","meta":{"_acf_changed":false,"inline_featured_image":false,"footnotes":""},"class_list":["post-8150","page","type-page","status-publish","hentry"],"acf":[],"yoast_head":"<!-- This site is optimized with the Yoast SEO plugin v26.2 - https:\/\/yoast.com\/wordpress\/plugins\/seo\/ -->\n<title>old video - Staro R\u012bga<\/title>\n<meta name=\"robots\" content=\"index, follow, max-snippet:-1, max-image-preview:large, max-video-preview:-1\" \/>\n<link rel=\"canonical\" href=\"https:\/\/staroriga.lv\/lv\/old-video\/\" \/>\n<meta property=\"og:locale\" content=\"lv_LV\" \/>\n<meta property=\"og:type\" content=\"article\" \/>\n<meta property=\"og:title\" content=\"old video - Staro R\u012bga\" \/>\n<meta property=\"og:description\" content=\"https:\/\/www.youtube.com\/watch?v=UgfHUfsf32Y [iframe src=&#8221;\/\/player.vimeo.com\/video\/111781606&#8243; width=&#8221;500&#8243; height=&#8221;281&#8243; frameborder=&#8221;0&#8243; webkitallowfullscreen mozallowfullscreen allowfullscreen] [iframe src=&#8221;\/\/player.vimeo.com\/video\/111535230&#8243; height=&#8221;281&#8243; width=&#8221;500&#8243; allowfullscreen=&#8221;&#8221; frameborder=&#8221;0&#8243;] https:\/\/www.youtube.com\/watch?v=iYIjU72TP0I\" \/>\n<meta property=\"og:url\" content=\"https:\/\/staroriga.lv\/lv\/old-video\/\" \/>\n<meta property=\"og:site_name\" content=\"Staro R\u012bga\" \/>\n<meta property=\"article:publisher\" content=\"https:\/\/www.facebook.com\/staroriga\" \/>\n<meta property=\"og:image\" content=\"https:\/\/staroriga.lv\/wp-content\/uploads\/2025\/11\/placeholder_2025_1.jpg\" \/>\n\t<meta property=\"og:image:width\" content=\"500\" \/>\n\t<meta property=\"og:image:height\" content=\"500\" \/>\n\t<meta property=\"og:image:type\" content=\"image\/jpeg\" \/>\n<meta name=\"twitter:card\" content=\"summary_large_image\" \/>\n<meta name=\"twitter:site\" content=\"@staroriga\" \/>\n<meta name=\"twitter:label1\" content=\"Est. reading time\" \/>\n\t<meta name=\"twitter:data1\" content=\"1 min\u016bte\" \/>\n<script type=\"application\/ld+json\" class=\"yoast-schema-graph\">{\"@context\":\"https:\/\/schema.org\",\"@graph\":[{\"@type\":\"WebPage\",\"@id\":\"https:\/\/staroriga.lv\/lv\/old-video\/\",\"url\":\"https:\/\/staroriga.lv\/lv\/old-video\/\",\"name\":\"old video - Staro R\u012bga\",\"isPartOf\":{\"@id\":\"https:\/\/staroriga.lv\/lv\/#website\"},\"datePublished\":\"2015-10-23T08:48:43+00:00\",\"breadcrumb\":{\"@id\":\"https:\/\/staroriga.lv\/lv\/old-video\/#breadcrumb\"},\"inLanguage\":\"lv-LV\",\"potentialAction\":[{\"@type\":\"ReadAction\",\"target\":[[\"https:\/\/staroriga.lv\/lv\/old-video\/\"]]}]},{\"@type\":\"BreadcrumbList\",\"@id\":\"https:\/\/staroriga.lv\/lv\/old-video\/#breadcrumb\",\"itemListElement\":[{\"@type\":\"ListItem\",\"position\":1,\"name\":\"Home\",\"item\":\"https:\/\/staroriga.lv\/lv\/\"},{\"@type\":\"ListItem\",\"position\":2,\"name\":\"old video\"}]},{\"@type\":\"WebSite\",\"@id\":\"https:\/\/staroriga.lv\/lv\/#website\",\"url\":\"https:\/\/staroriga.lv\/lv\/\",\"name\":\"Staro R\u012bga\",\"description\":\"\",\"potentialAction\":[{\"@type\":\"SearchAction\",\"target\":{\"@type\":\"EntryPoint\",\"urlTemplate\":\"https:\/\/staroriga.lv\/lv\/?s={search_term_string}\"},\"query-input\":{\"@type\":\"PropertyValueSpecification\",\"valueRequired\":true,\"valueName\":\"search_term_string\"}}],\"inLanguage\":\"lv-LV\"}]}<\/script>\n<!-- \/ Yoast SEO plugin. -->","yoast_head_json":{"title":"old video - Staro R\u012bga","robots":{"index":"index","follow":"follow","max-snippet":"max-snippet:-1","max-image-preview":"max-image-preview:large","max-video-preview":"max-video-preview:-1"},"canonical":"https:\/\/staroriga.lv\/lv\/old-video\/","og_locale":"lv_LV","og_type":"article","og_title":"old video - Staro R\u012bga","og_description":"https:\/\/www.youtube.com\/watch?v=UgfHUfsf32Y [iframe src=&#8221;\/\/player.vimeo.com\/video\/111781606&#8243; width=&#8221;500&#8243; height=&#8221;281&#8243; frameborder=&#8221;0&#8243; webkitallowfullscreen mozallowfullscreen allowfullscreen] [iframe src=&#8221;\/\/player.vimeo.com\/video\/111535230&#8243; height=&#8221;281&#8243; width=&#8221;500&#8243; allowfullscreen=&#8221;&#8221; frameborder=&#8221;0&#8243;] https:\/\/www.youtube.com\/watch?v=iYIjU72TP0I","og_url":"https:\/\/staroriga.lv\/lv\/old-video\/","og_site_name":"Staro R\u012bga","article_publisher":"https:\/\/www.facebook.com\/staroriga","og_image":[{"width":500,"height":500,"url":"https:\/\/staroriga.lv\/wp-content\/uploads\/2025\/11\/placeholder_2025_1.jpg","type":"image\/jpeg"}],"twitter_card":"summary_large_image","twitter_site":"@staroriga","twitter_misc":{"Est. reading time":"1 min\u016bte"},"schema":{"@context":"https:\/\/schema.org","@graph":[{"@type":"WebPage","@id":"https:\/\/staroriga.lv\/lv\/old-video\/","url":"https:\/\/staroriga.lv\/lv\/old-video\/","name":"old video - Staro R\u012bga","isPartOf":{"@id":"https:\/\/staroriga.lv\/lv\/#website"},"datePublished":"2015-10-23T08:48:43+00:00","breadcrumb":{"@id":"https:\/\/staroriga.lv\/lv\/old-video\/#breadcrumb"},"inLanguage":"lv-LV","potentialAction":[{"@type":"ReadAction","target":[["https:\/\/staroriga.lv\/lv\/old-video\/"]]}]},{"@type":"BreadcrumbList","@id":"https:\/\/staroriga.lv\/lv\/old-video\/#breadcrumb","itemListElement":[{"@type":"ListItem","position":1,"name":"Home","item":"https:\/\/staroriga.lv\/lv\/"},{"@type":"ListItem","position":2,"name":"old video"}]},{"@type":"WebSite","@id":"https:\/\/staroriga.lv\/lv\/#website","url":"https:\/\/staroriga.lv\/lv\/","name":"Staro R\u012bga","description":"","potentialAction":[{"@type":"SearchAction","target":{"@type":"EntryPoint","urlTemplate":"https:\/\/staroriga.lv\/lv\/?s={search_term_string}"},"query-input":{"@type":"PropertyValueSpecification","valueRequired":true,"valueName":"search_term_string"}}],"inLanguage":"lv-LV"}]}},"_links":{"self":[{"href":"https:\/\/staroriga.lv\/lv\/wp-json\/wp\/v2\/pages\/8150","targetHints":{"allow":["GET"]}}],"collection":[{"href":"https:\/\/staroriga.lv\/lv\/wp-json\/wp\/v2\/pages"}],"about":[{"href":"https:\/\/staroriga.lv\/lv\/wp-json\/wp\/v2\/types\/page"}],"author":[{"embeddable":true,"href":"https:\/\/staroriga.lv\/lv\/wp-json\/wp\/v2\/users\/1"}],"replies":[{"embeddable":true,"href":"https:\/\/staroriga.lv\/lv\/wp-json\/wp\/v2\/comments?post=8150"}],"version-history":[{"count":1,"href":"https:\/\/staroriga.lv\/lv\/wp-json\/wp\/v2\/pages\/8150\/revisions"}],"predecessor-version":[{"id":8151,"href":"https:\/\/staroriga.lv\/lv\/wp-json\/wp\/v2\/pages\/8150\/revisions\/8151"}],"wp:attachment":[{"href":"https:\/\/staroriga.lv\/lv\/wp-json\/wp\/v2\/media?parent=8150"}],"curies":[{"name":"wp","href":"https:\/\/api.w.org\/{rel}","templated":true}]}}