{"id":7436,"date":"2014-11-04T13:34:02","date_gmt":"2014-11-04T13:34:02","guid":{"rendered":"http:\/\/staroriga.lv\/?page_id=7436"},"modified":"2014-11-04T13:37:47","modified_gmt":"2014-11-04T13:37:47","slug":"english-for-media","status":"publish","type":"page","link":"https:\/\/staroriga.lv\/lv\/english-for-media\/","title":{"rendered":"For media"},"content":{"rendered":"<p class=\"qtranxs-available-languages-message qtranxs-available-languages-message-lv\">Atvainojiet, \u0161is ieraksts ir pieejams tikai \u0161\u0101d\u0101 valod\u0101 <a href=\"https:\/\/staroriga.lv\/en\/wp-json\/wp\/v2\/pages\/7436\" class=\"qtranxs-available-language-link qtranxs-available-language-link-en\" title=\"English\">English<\/a>.<\/p>","protected":false},"excerpt":{"rendered":"<p>Atvainojiet, \u0161is ieraksts ir pieejams tikai \u0161\u0101d\u0101 valod\u0101 English.<\/p>\n","protected":false},"author":1,"featured_media":0,"parent":0,"menu_order":0,"comment_status":"open","ping_status":"open","template":"","meta":{"_acf_changed":false,"inline_featured_image":false,"footnotes":""},"class_list":["post-7436","page","type-page","status-publish","hentry"],"acf":[],"yoast_head":"<!-- This site is optimized with the Yoast SEO plugin v26.2 - https:\/\/yoast.com\/wordpress\/plugins\/seo\/ -->\n<title>For media - Staro R\u012bga<\/title>\n<meta name=\"robots\" content=\"index, follow, max-snippet:-1, max-image-preview:large, max-video-preview:-1\" \/>\n<link rel=\"canonical\" href=\"https:\/\/staroriga.lv\/lv\/english-for-media\/\" \/>\n<meta property=\"og:locale\" content=\"lv_LV\" \/>\n<meta property=\"og:type\" content=\"article\" \/>\n<meta property=\"og:title\" content=\"For media - Staro R\u012bga\" \/>\n<meta property=\"og:description\" content=\"Atvainojiet, \u0161is ieraksts ir pieejams tikai \u0161\u0101d\u0101 valod\u0101 English.\" \/>\n<meta property=\"og:url\" content=\"https:\/\/staroriga.lv\/lv\/english-for-media\/\" \/>\n<meta property=\"og:site_name\" content=\"Staro R\u012bga\" \/>\n<meta property=\"article:publisher\" content=\"https:\/\/www.facebook.com\/staroriga\" \/>\n<meta property=\"article:modified_time\" content=\"2014-11-04T13:37:47+00:00\" \/>\n<meta property=\"og:image\" content=\"http:\/\/office.riga2014.org\/wp-content\/uploads\/2013\/09\/R14_4875_crop.jpg\" \/>\n<meta name=\"twitter:card\" content=\"summary_large_image\" \/>\n<meta name=\"twitter:site\" content=\"@staroriga\" \/>\n<script type=\"application\/ld+json\" class=\"yoast-schema-graph\">{\"@context\":\"https:\/\/schema.org\",\"@graph\":[{\"@type\":\"WebPage\",\"@id\":\"https:\/\/staroriga.lv\/lv\/english-for-media\/\",\"url\":\"https:\/\/staroriga.lv\/lv\/english-for-media\/\",\"name\":\"For media - Staro R\u012bga\",\"isPartOf\":{\"@id\":\"https:\/\/staroriga.lv\/lv\/#website\"},\"primaryImageOfPage\":{\"@id\":\"https:\/\/staroriga.lv\/lv\/english-for-media\/#primaryimage\"},\"image\":{\"@id\":\"https:\/\/staroriga.lv\/english-for-media\/#primaryimage\"},\"thumbnailUrl\":\"http:\/\/office.riga2014.org\/wp-content\/uploads\/2013\/09\/R14_4875_crop.jpg\",\"datePublished\":\"2014-11-04T13:34:02+00:00\",\"dateModified\":\"2014-11-04T13:37:47+00:00\",\"breadcrumb\":{\"@id\":\"https:\/\/staroriga.lv\/lv\/english-for-media\/#breadcrumb\"},\"inLanguage\":\"lv-LV\",\"potentialAction\":[{\"@type\":\"ReadAction\",\"target\":[[\"https:\/\/staroriga.lv\/lv\/english-for-media\/\"]]}]},{\"@type\":\"ImageObject\",\"inLanguage\":\"lv-LV\",\"@id\":\"https:\/\/staroriga.lv\/lv\/english-for-media\/#primaryimage\",\"url\":\"http:\/\/office.riga2014.org\/wp-content\/uploads\/2013\/09\/R14_4875_crop.jpg\",\"contentUrl\":\"http:\/\/office.riga2014.org\/wp-content\/uploads\/2013\/09\/R14_4875_crop.jpg\"},{\"@type\":\"BreadcrumbList\",\"@id\":\"https:\/\/staroriga.lv\/lv\/english-for-media\/#breadcrumb\",\"itemListElement\":[{\"@type\":\"ListItem\",\"position\":1,\"name\":\"Home\",\"item\":\"https:\/\/staroriga.lv\/lv\/\"},{\"@type\":\"ListItem\",\"position\":2,\"name\":\"For media\"}]},{\"@type\":\"WebSite\",\"@id\":\"https:\/\/staroriga.lv\/lv\/#website\",\"url\":\"https:\/\/staroriga.lv\/lv\/\",\"name\":\"Staro R\u012bga\",\"description\":\"\",\"potentialAction\":[{\"@type\":\"SearchAction\",\"target\":{\"@type\":\"EntryPoint\",\"urlTemplate\":\"https:\/\/staroriga.lv\/lv\/?s={search_term_string}\"},\"query-input\":{\"@type\":\"PropertyValueSpecification\",\"valueRequired\":true,\"valueName\":\"search_term_string\"}}],\"inLanguage\":\"lv-LV\"}]}<\/script>\n<!-- \/ Yoast SEO plugin. -->","yoast_head_json":{"title":"For media - Staro R\u012bga","robots":{"index":"index","follow":"follow","max-snippet":"max-snippet:-1","max-image-preview":"max-image-preview:large","max-video-preview":"max-video-preview:-1"},"canonical":"https:\/\/staroriga.lv\/lv\/english-for-media\/","og_locale":"lv_LV","og_type":"article","og_title":"For media - Staro R\u012bga","og_description":"Atvainojiet, \u0161is ieraksts ir pieejams tikai \u0161\u0101d\u0101 valod\u0101 English.","og_url":"https:\/\/staroriga.lv\/lv\/english-for-media\/","og_site_name":"Staro R\u012bga","article_publisher":"https:\/\/www.facebook.com\/staroriga","article_modified_time":"2014-11-04T13:37:47+00:00","og_image":[{"url":"http:\/\/office.riga2014.org\/wp-content\/uploads\/2013\/09\/R14_4875_crop.jpg","type":"","width":"","height":""}],"twitter_card":"summary_large_image","twitter_site":"@staroriga","schema":{"@context":"https:\/\/schema.org","@graph":[{"@type":"WebPage","@id":"https:\/\/staroriga.lv\/lv\/english-for-media\/","url":"https:\/\/staroriga.lv\/lv\/english-for-media\/","name":"For media - Staro R\u012bga","isPartOf":{"@id":"https:\/\/staroriga.lv\/lv\/#website"},"primaryImageOfPage":{"@id":"https:\/\/staroriga.lv\/lv\/english-for-media\/#primaryimage"},"image":{"@id":"https:\/\/staroriga.lv\/english-for-media\/#primaryimage"},"thumbnailUrl":"http:\/\/office.riga2014.org\/wp-content\/uploads\/2013\/09\/R14_4875_crop.jpg","datePublished":"2014-11-04T13:34:02+00:00","dateModified":"2014-11-04T13:37:47+00:00","breadcrumb":{"@id":"https:\/\/staroriga.lv\/lv\/english-for-media\/#breadcrumb"},"inLanguage":"lv-LV","potentialAction":[{"@type":"ReadAction","target":[["https:\/\/staroriga.lv\/lv\/english-for-media\/"]]}]},{"@type":"ImageObject","inLanguage":"lv-LV","@id":"https:\/\/staroriga.lv\/lv\/english-for-media\/#primaryimage","url":"http:\/\/office.riga2014.org\/wp-content\/uploads\/2013\/09\/R14_4875_crop.jpg","contentUrl":"http:\/\/office.riga2014.org\/wp-content\/uploads\/2013\/09\/R14_4875_crop.jpg"},{"@type":"BreadcrumbList","@id":"https:\/\/staroriga.lv\/lv\/english-for-media\/#breadcrumb","itemListElement":[{"@type":"ListItem","position":1,"name":"Home","item":"https:\/\/staroriga.lv\/lv\/"},{"@type":"ListItem","position":2,"name":"For media"}]},{"@type":"WebSite","@id":"https:\/\/staroriga.lv\/lv\/#website","url":"https:\/\/staroriga.lv\/lv\/","name":"Staro R\u012bga","description":"","potentialAction":[{"@type":"SearchAction","target":{"@type":"EntryPoint","urlTemplate":"https:\/\/staroriga.lv\/lv\/?s={search_term_string}"},"query-input":{"@type":"PropertyValueSpecification","valueRequired":true,"valueName":"search_term_string"}}],"inLanguage":"lv-LV"}]}},"_links":{"self":[{"href":"https:\/\/staroriga.lv\/lv\/wp-json\/wp\/v2\/pages\/7436","targetHints":{"allow":["GET"]}}],"collection":[{"href":"https:\/\/staroriga.lv\/lv\/wp-json\/wp\/v2\/pages"}],"about":[{"href":"https:\/\/staroriga.lv\/lv\/wp-json\/wp\/v2\/types\/page"}],"author":[{"embeddable":true,"href":"https:\/\/staroriga.lv\/lv\/wp-json\/wp\/v2\/users\/1"}],"replies":[{"embeddable":true,"href":"https:\/\/staroriga.lv\/lv\/wp-json\/wp\/v2\/comments?post=7436"}],"version-history":[{"count":0,"href":"https:\/\/staroriga.lv\/lv\/wp-json\/wp\/v2\/pages\/7436\/revisions"}],"wp:attachment":[{"href":"https:\/\/staroriga.lv\/lv\/wp-json\/wp\/v2\/media?parent=7436"}],"curies":[{"name":"wp","href":"https:\/\/api.w.org\/{rel}","templated":true}]}}