{"id":7381,"date":"2014-10-27T18:11:31","date_gmt":"2014-10-27T18:11:31","guid":{"rendered":"http:\/\/staroriga.lv\/?page_id=7381"},"modified":"2014-10-27T18:14:41","modified_gmt":"2014-10-27T18:14:41","slug":"tirdznieciba","status":"publish","type":"page","link":"https:\/\/staroriga.lv\/lv\/tirdznieciba\/","title":{"rendered":"TIRDZNIEC\u012aBA"},"content":{"rendered":"<p>Aicin\u0101m iesniegt pieteikumus par tirdzniec\u012bbas vietu nodro\u0161in\u0101\u0161anu gaismas festiv\u0101la \u201eStaro R\u012bga 2014\u201d laik\u0101, kas norisin\u0101sies no 2014.gada 14. l\u012bdz 18.novembrim.<\/p>\n<p>Pieteikumu ies\u016bt\u012b\u0161anas termi\u0146\u0161 ir 2014.gada 31.oktobris plkst.12.00. Kontaktpersona uzzi\u0146\u0101m Edgars Egl\u012btis (tel.nr. 67333784, e-pasts:\u00a0<a href=\"mailto:pasakums@pasakums.lv\" target=\"_blank\">pasakums@pasakums.lv<\/a>)<\/p>\n<p><a href=\"http:\/\/staroriga.lv\/wp-content\/uploads\/2014\/10\/Tirdzniec\u012bbas-Nolikums.pdf\">Nolikums<\/a><\/p>\n<p><a href=\"http:\/\/staroriga.lv\/wp-content\/uploads\/2014\/10\/Pielikums-Nr.-1-tirdzniec\u012bbas-vietu-izvietojums.pdf\">Pielikums Nr.1 (Tirdzniec\u012bbas vietu izvietojums)<\/a><\/p>\n<p><a href=\"http:\/\/staroriga.lv\/wp-content\/uploads\/2014\/10\/Pielikums-Nr.-2-anketa.pdf\">Pielikums Nr.2 (Pieteikuma anketa)<\/a><\/p>","protected":false},"excerpt":{"rendered":"<p>Aicin\u0101m iesniegt pieteikumus par tirdzniec\u012bbas vietu nodro\u0161in\u0101\u0161anu gaismas festiv\u0101la \u201eStaro R\u012bga 2014\u201d laik\u0101, kas norisin\u0101sies no 2014.gada 14. l\u012bdz 18.novembrim. Pieteikumu ies\u016bt\u012b\u0161anas termi\u0146\u0161 ir 2014.gada 31.oktobris plkst.12.00. Kontaktpersona uzzi\u0146\u0101m Edgars Egl\u012btis (tel.nr. 67333784, e-pasts:\u00a0pasakums@pasakums.lv) Nolikums Pielikums Nr.1 (Tirdzniec\u012bbas vietu izvietojums) Pielikums Nr.2 (Pieteikuma anketa)<\/p>\n","protected":false},"author":1,"featured_media":0,"parent":0,"menu_order":0,"comment_status":"open","ping_status":"open","template":"","meta":{"_acf_changed":false,"inline_featured_image":false,"footnotes":""},"class_list":["post-7381","page","type-page","status-publish","hentry"],"acf":[],"yoast_head":"<!-- This site is optimized with the Yoast SEO plugin v26.2 - https:\/\/yoast.com\/wordpress\/plugins\/seo\/ -->\n<title>TIRDZNIEC\u012aBA - Staro R\u012bga<\/title>\n<meta name=\"robots\" content=\"index, follow, max-snippet:-1, max-image-preview:large, max-video-preview:-1\" \/>\n<link rel=\"canonical\" href=\"https:\/\/staroriga.lv\/lv\/tirdznieciba\/\" \/>\n<meta property=\"og:locale\" content=\"lv_LV\" \/>\n<meta property=\"og:type\" content=\"article\" \/>\n<meta property=\"og:title\" content=\"TIRDZNIEC\u012aBA - Staro R\u012bga\" \/>\n<meta property=\"og:description\" content=\"Aicin\u0101m iesniegt pieteikumus par tirdzniec\u012bbas vietu nodro\u0161in\u0101\u0161anu gaismas festiv\u0101la \u201eStaro R\u012bga 2014\u201d laik\u0101, kas norisin\u0101sies no 2014.gada 14. l\u012bdz 18.novembrim. Pieteikumu ies\u016bt\u012b\u0161anas termi\u0146\u0161 ir 2014.gada 31.oktobris plkst.12.00. Kontaktpersona uzzi\u0146\u0101m Edgars Egl\u012btis (tel.nr. 67333784, e-pasts:\u00a0pasakums@pasakums.lv) Nolikums Pielikums Nr.1 (Tirdzniec\u012bbas vietu izvietojums) Pielikums Nr.2 (Pieteikuma anketa)\" \/>\n<meta property=\"og:url\" content=\"https:\/\/staroriga.lv\/lv\/tirdznieciba\/\" \/>\n<meta property=\"og:site_name\" content=\"Staro R\u012bga\" \/>\n<meta property=\"article:publisher\" content=\"https:\/\/www.facebook.com\/staroriga\" \/>\n<meta property=\"article:modified_time\" content=\"2014-10-27T18:14:41+00:00\" \/>\n<meta property=\"og:image\" content=\"https:\/\/staroriga.lv\/wp-content\/uploads\/2025\/11\/placeholder_2025_1.jpg\" \/>\n\t<meta property=\"og:image:width\" content=\"500\" \/>\n\t<meta property=\"og:image:height\" content=\"500\" \/>\n\t<meta property=\"og:image:type\" content=\"image\/jpeg\" \/>\n<meta name=\"twitter:card\" content=\"summary_large_image\" \/>\n<meta name=\"twitter:site\" content=\"@staroriga\" \/>\n<script type=\"application\/ld+json\" class=\"yoast-schema-graph\">{\"@context\":\"https:\/\/schema.org\",\"@graph\":[{\"@type\":\"WebPage\",\"@id\":\"https:\/\/staroriga.lv\/lv\/tirdznieciba\/\",\"url\":\"https:\/\/staroriga.lv\/lv\/tirdznieciba\/\",\"name\":\"TIRDZNIEC\u012aBA - Staro R\u012bga\",\"isPartOf\":{\"@id\":\"https:\/\/staroriga.lv\/lv\/#website\"},\"datePublished\":\"2014-10-27T18:11:31+00:00\",\"dateModified\":\"2014-10-27T18:14:41+00:00\",\"breadcrumb\":{\"@id\":\"https:\/\/staroriga.lv\/lv\/tirdznieciba\/#breadcrumb\"},\"inLanguage\":\"lv-LV\",\"potentialAction\":[{\"@type\":\"ReadAction\",\"target\":[[\"https:\/\/staroriga.lv\/lv\/tirdznieciba\/\"]]}]},{\"@type\":\"BreadcrumbList\",\"@id\":\"https:\/\/staroriga.lv\/lv\/tirdznieciba\/#breadcrumb\",\"itemListElement\":[{\"@type\":\"ListItem\",\"position\":1,\"name\":\"Home\",\"item\":\"https:\/\/staroriga.lv\/lv\/\"},{\"@type\":\"ListItem\",\"position\":2,\"name\":\"TIRDZNIEC\u012aBA\"}]},{\"@type\":\"WebSite\",\"@id\":\"https:\/\/staroriga.lv\/lv\/#website\",\"url\":\"https:\/\/staroriga.lv\/lv\/\",\"name\":\"Staro R\u012bga\",\"description\":\"\",\"potentialAction\":[{\"@type\":\"SearchAction\",\"target\":{\"@type\":\"EntryPoint\",\"urlTemplate\":\"https:\/\/staroriga.lv\/lv\/?s={search_term_string}\"},\"query-input\":{\"@type\":\"PropertyValueSpecification\",\"valueRequired\":true,\"valueName\":\"search_term_string\"}}],\"inLanguage\":\"lv-LV\"}]}<\/script>\n<!-- \/ Yoast SEO plugin. -->","yoast_head_json":{"title":"TIRDZNIEC\u012aBA - Staro R\u012bga","robots":{"index":"index","follow":"follow","max-snippet":"max-snippet:-1","max-image-preview":"max-image-preview:large","max-video-preview":"max-video-preview:-1"},"canonical":"https:\/\/staroriga.lv\/lv\/tirdznieciba\/","og_locale":"lv_LV","og_type":"article","og_title":"TIRDZNIEC\u012aBA - Staro R\u012bga","og_description":"Aicin\u0101m iesniegt pieteikumus par tirdzniec\u012bbas vietu nodro\u0161in\u0101\u0161anu gaismas festiv\u0101la \u201eStaro R\u012bga 2014\u201d laik\u0101, kas norisin\u0101sies no 2014.gada 14. l\u012bdz 18.novembrim. Pieteikumu ies\u016bt\u012b\u0161anas termi\u0146\u0161 ir 2014.gada 31.oktobris plkst.12.00. Kontaktpersona uzzi\u0146\u0101m Edgars Egl\u012btis (tel.nr. 67333784, e-pasts:\u00a0pasakums@pasakums.lv) Nolikums Pielikums Nr.1 (Tirdzniec\u012bbas vietu izvietojums) Pielikums Nr.2 (Pieteikuma anketa)","og_url":"https:\/\/staroriga.lv\/lv\/tirdznieciba\/","og_site_name":"Staro R\u012bga","article_publisher":"https:\/\/www.facebook.com\/staroriga","article_modified_time":"2014-10-27T18:14:41+00:00","og_image":[{"width":500,"height":500,"url":"https:\/\/staroriga.lv\/wp-content\/uploads\/2025\/11\/placeholder_2025_1.jpg","type":"image\/jpeg"}],"twitter_card":"summary_large_image","twitter_site":"@staroriga","schema":{"@context":"https:\/\/schema.org","@graph":[{"@type":"WebPage","@id":"https:\/\/staroriga.lv\/lv\/tirdznieciba\/","url":"https:\/\/staroriga.lv\/lv\/tirdznieciba\/","name":"TIRDZNIEC\u012aBA - Staro R\u012bga","isPartOf":{"@id":"https:\/\/staroriga.lv\/lv\/#website"},"datePublished":"2014-10-27T18:11:31+00:00","dateModified":"2014-10-27T18:14:41+00:00","breadcrumb":{"@id":"https:\/\/staroriga.lv\/lv\/tirdznieciba\/#breadcrumb"},"inLanguage":"lv-LV","potentialAction":[{"@type":"ReadAction","target":[["https:\/\/staroriga.lv\/lv\/tirdznieciba\/"]]}]},{"@type":"BreadcrumbList","@id":"https:\/\/staroriga.lv\/lv\/tirdznieciba\/#breadcrumb","itemListElement":[{"@type":"ListItem","position":1,"name":"Home","item":"https:\/\/staroriga.lv\/lv\/"},{"@type":"ListItem","position":2,"name":"TIRDZNIEC\u012aBA"}]},{"@type":"WebSite","@id":"https:\/\/staroriga.lv\/lv\/#website","url":"https:\/\/staroriga.lv\/lv\/","name":"Staro R\u012bga","description":"","potentialAction":[{"@type":"SearchAction","target":{"@type":"EntryPoint","urlTemplate":"https:\/\/staroriga.lv\/lv\/?s={search_term_string}"},"query-input":{"@type":"PropertyValueSpecification","valueRequired":true,"valueName":"search_term_string"}}],"inLanguage":"lv-LV"}]}},"_links":{"self":[{"href":"https:\/\/staroriga.lv\/lv\/wp-json\/wp\/v2\/pages\/7381","targetHints":{"allow":["GET"]}}],"collection":[{"href":"https:\/\/staroriga.lv\/lv\/wp-json\/wp\/v2\/pages"}],"about":[{"href":"https:\/\/staroriga.lv\/lv\/wp-json\/wp\/v2\/types\/page"}],"author":[{"embeddable":true,"href":"https:\/\/staroriga.lv\/lv\/wp-json\/wp\/v2\/users\/1"}],"replies":[{"embeddable":true,"href":"https:\/\/staroriga.lv\/lv\/wp-json\/wp\/v2\/comments?post=7381"}],"version-history":[{"count":3,"href":"https:\/\/staroriga.lv\/lv\/wp-json\/wp\/v2\/pages\/7381\/revisions"}],"predecessor-version":[{"id":7387,"href":"https:\/\/staroriga.lv\/lv\/wp-json\/wp\/v2\/pages\/7381\/revisions\/7387"}],"wp:attachment":[{"href":"https:\/\/staroriga.lv\/lv\/wp-json\/wp\/v2\/media?parent=7381"}],"curies":[{"name":"wp","href":"https:\/\/api.w.org\/{rel}","templated":true}]}}