{"id":7373,"date":"2014-10-23T14:33:08","date_gmt":"2014-10-23T14:33:08","guid":{"rendered":"http:\/\/staroriga.lv\/?page_id=7373"},"modified":"2014-10-24T08:24:00","modified_gmt":"2014-10-24T08:24:00","slug":"lidzdalibas-akcijas-noteikumi","status":"publish","type":"page","link":"https:\/\/staroriga.lv\/lv\/lidzdalibas-akcijas-noteikumi\/","title":{"rendered":"L\u012bdzdal\u012bbas akcijas noteikumi"},"content":{"rendered":"<p><strong>R\u012bgas karnev\u0101la izgaismotie \/ p\u0101rveidotie logi<\/strong><\/p>\n<p>L\u012bdzdal\u012bbas akcij\u0101 aicin\u0101ti piedal\u012bties iedz\u012bvot\u0101ji \/ uz\u0146\u0113mumi izgaismojot \/ p\u0101rveidojot atsevi\u0161\u0137u \u0113kas logu \/ skatlogu.<\/p>\n<p>Ikvienam ir iesp\u0113ja izveidot savu\u00a0\u201cR\u012bgas karnev\u0101la\u201d gaismas objektu log\u0101 izmantojot k\u0101du no gaismas tehnik\u0101m:<\/p>\n<ul>\n<li>pro\u017eektori, LED spuldz\u012btes un virtenes, kr\u0101sainas lampu spuldzes, neona gaismas un citi apgaismes \u0137erme\u0146i;<\/li>\n<li>projektori, kodoskopi, diaprojektori un citas multimediju iek\u0101rtas;<\/li>\n<li>da\u017e\u0101das formu un kr\u0101su sveces un citi dro\u0161i dz\u012bv\u0101s uguns avoti<\/li>\n<li>citas gaismas tehnikas.<\/li>\n<\/ul>\n<p>Aicinam logu noform\u0113jum\u0101 Latvijas dzim\u0161anas dien\u0101 &#8211; 18. novembr\u012b &#8211; izmantot kr\u0101sainas sveces!<\/p>\n<p><strong>R\u012bgas karnev\u0101la izgaismot\u0101s \/ p\u0101rveidot\u0101s fas\u0101des<\/strong><\/p>\n<p>L\u012bdzdal\u012bbas akcij\u0101 aicin\u0101ti piedal\u012bties namu \u012bpa\u0161nieki \/ apsaimniekot\u0101ji \/ iedz\u012bvot\u0101ji, kas sa\u0146\u0113mu\u0161i at\u013cauju no \u0113kas \u012bpa\u0161nieka.<\/p>\n<p>Ikvienam ir iesp\u0113ja izveidot savu\u00a0\u201cR\u012bgas karnev\u0101la\u201d gaismas fas\u0101di izmantojot k\u0101du no gaismas tehnik\u0101m:<\/p>\n<ul>\n<li>ton\u0113jo\u0161\u0101s kr\u0101sas, kr\u0101sain\u0101s l\u012bmpl\u0113ves, audumi un citi materi\u0101li, kas nokr\u0101so logu ailu gaismu;<\/li>\n<li>trafareti un stencili, kas aizkl\u0101j logu ailas gaismu;<\/li>\n<li>pro\u017eektori, LED spuldz\u012btes un virtenes, kr\u0101sainas lampu spuldzes, neona gaismas un citi apgaismes \u0137erme\u0146i;<\/li>\n<li>projektori, kodoskopi, diaprojektori un citas multimediju iek\u0101rtas;<\/li>\n<li>da\u017e\u0101das formu un kr\u0101su sveces un citi dro\u0161i dz\u012bv\u0101s uguns avoti<\/li>\n<li>citas gaismas tehnikas.<\/li>\n<\/ul>\n<p>Aicinam \u0113ku noform\u0113jum\u0101 Latvijas dzim\u0161anas dien\u0101 &#8211; 18. novembr\u012b &#8211; izmantot kr\u0101sainas sveces!<\/p>\n<p><strong>L\u012bdzdal\u012bbas akcijas noteikumi:<\/strong><\/p>\n<ul>\n<li>L\u012bdzdal\u012bbas akcijas objektiem noteikti j\u0101b\u016bt apl\u016bkojamiem no 14. l\u012bdz 18. novembrim laika posm\u0101 no 18:00 l\u012bdz 23:00;<\/li>\n<li>L\u012bdzdal\u012bbas akcijas dal\u012bbnieki piesaka savus objektus interneta vietn\u0113 no 10. novembra;<\/li>\n<li>Katram objektam pievienojama adrese, darba nosaukums, darba autors un fotogr\u0101fija;<\/li>\n<li>L\u012bdzdal\u012bbas akcijas vietne pied\u0101v\u0101 uz kartes apmekl\u0113t tuv\u0101ko objektu un nov\u0113rt\u0113t to;<\/li>\n<li>Skat\u012bt\u0101ji interneta vietn\u0113 balso par lab\u0101ko objektu, p\u0113c pas\u0101kuma norisin\u0101s \u201cfin\u0101la\u201d balsojums;<\/li>\n<li>Skat\u012bt\u0101ju balsojuma uzvar\u0113t\u0101ji sa\u0146em sponsoru balvas \u012bpa\u0161\u0101 pas\u0101kum\u0101<\/li>\n<\/ul>\n<p><strong>UZMAN\u012aBU!<\/strong><\/p>\n<ul>\n<li>atcerieties par ugunsdro\u0161\u012bbu un iev\u0113rojiet piesardz\u012bbu!<\/li>\n<li>saska\u0146ojiet fas\u0101des izmanto\u0161anu ar \u0113kas \u012bpa\u0161nieku!<\/li>\n<li>neboj\u0101jiet savu \/ sve\u0161u \u012bpa\u0161umu &#8211; atcerieties, ka objekts b\u016bs j\u0101nov\u0101c p\u0113c sv\u0113tkiem!<\/li>\n<\/ul>\n<p>Organiz\u0113: Nodibin\u0101jums &#8220;R\u012bga 2014&#8221;\u00a0un R\u012bgas domes Izgl\u012bt\u012bbas, kult\u016bras un sporta departaments<\/p>\n<p>Vair\u0101k inform\u0101cijas par l\u012bdzdal\u012bbas akciju,\u00a0zvanot uz nodibin\u0101juma R\u012bga 2014 biroju pa t\u0101lr.nr. 29160365 vai rakstot uz e-pastu\u00a0<a href=\"mailto:info@staroriga.lv\">info@staroriga.lv<\/a>.<\/p>","protected":false},"excerpt":{"rendered":"<p>R\u012bgas karnev\u0101la izgaismotie \/ p\u0101rveidotie logi L\u012bdzdal\u012bbas akcij\u0101 aicin\u0101ti piedal\u012bties iedz\u012bvot\u0101ji \/ uz\u0146\u0113mumi izgaismojot \/ p\u0101rveidojot atsevi\u0161\u0137u \u0113kas logu \/ skatlogu. Ikvienam ir iesp\u0113ja izveidot savu\u00a0\u201cR\u012bgas karnev\u0101la\u201d gaismas objektu log\u0101 izmantojot k\u0101du no gaismas tehnik\u0101m: pro\u017eektori, LED spuldz\u012btes un virtenes, kr\u0101sainas lampu spuldzes, neona gaismas un citi apgaismes \u0137erme\u0146i; projektori, kodoskopi, diaprojektori un citas multimediju [&hellip;]<\/p>\n","protected":false},"author":1,"featured_media":0,"parent":0,"menu_order":0,"comment_status":"open","ping_status":"open","template":"page-templates\/karnevals.php","meta":{"_acf_changed":false,"inline_featured_image":false,"footnotes":""},"class_list":["post-7373","page","type-page","status-publish","hentry"],"acf":[],"yoast_head":"<!-- This site is optimized with the Yoast SEO plugin v26.2 - https:\/\/yoast.com\/wordpress\/plugins\/seo\/ -->\n<title>L\u012bdzdal\u012bbas akcijas noteikumi - Staro R\u012bga<\/title>\n<meta name=\"robots\" content=\"index, follow, max-snippet:-1, max-image-preview:large, max-video-preview:-1\" \/>\n<link rel=\"canonical\" href=\"https:\/\/staroriga.lv\/lv\/lidzdalibas-akcijas-noteikumi\/\" \/>\n<meta property=\"og:locale\" content=\"lv_LV\" \/>\n<meta property=\"og:type\" content=\"article\" \/>\n<meta property=\"og:title\" content=\"L\u012bdzdal\u012bbas akcijas noteikumi - Staro R\u012bga\" \/>\n<meta property=\"og:description\" content=\"R\u012bgas karnev\u0101la izgaismotie \/ p\u0101rveidotie logi L\u012bdzdal\u012bbas akcij\u0101 aicin\u0101ti piedal\u012bties iedz\u012bvot\u0101ji \/ uz\u0146\u0113mumi izgaismojot \/ p\u0101rveidojot atsevi\u0161\u0137u \u0113kas logu \/ skatlogu. Ikvienam ir iesp\u0113ja izveidot savu\u00a0\u201cR\u012bgas karnev\u0101la\u201d gaismas objektu log\u0101 izmantojot k\u0101du no gaismas tehnik\u0101m: pro\u017eektori, LED spuldz\u012btes un virtenes, kr\u0101sainas lampu spuldzes, neona gaismas un citi apgaismes \u0137erme\u0146i; projektori, kodoskopi, diaprojektori un citas multimediju [&hellip;]\" \/>\n<meta property=\"og:url\" content=\"https:\/\/staroriga.lv\/lv\/lidzdalibas-akcijas-noteikumi\/\" \/>\n<meta property=\"og:site_name\" content=\"Staro R\u012bga\" \/>\n<meta property=\"article:publisher\" content=\"https:\/\/www.facebook.com\/staroriga\" \/>\n<meta property=\"article:modified_time\" content=\"2014-10-24T08:24:00+00:00\" \/>\n<meta property=\"og:image\" content=\"https:\/\/staroriga.lv\/wp-content\/uploads\/2025\/11\/placeholder_2025_1.jpg\" \/>\n\t<meta property=\"og:image:width\" content=\"500\" \/>\n\t<meta property=\"og:image:height\" content=\"500\" \/>\n\t<meta property=\"og:image:type\" content=\"image\/jpeg\" \/>\n<meta name=\"twitter:card\" content=\"summary_large_image\" \/>\n<meta name=\"twitter:site\" content=\"@staroriga\" \/>\n<meta name=\"twitter:label1\" content=\"Est. reading time\" \/>\n\t<meta name=\"twitter:data1\" content=\"2 min\u016btes\" \/>\n<script type=\"application\/ld+json\" class=\"yoast-schema-graph\">{\"@context\":\"https:\/\/schema.org\",\"@graph\":[{\"@type\":\"WebPage\",\"@id\":\"https:\/\/staroriga.lv\/lv\/lidzdalibas-akcijas-noteikumi\/\",\"url\":\"https:\/\/staroriga.lv\/lv\/lidzdalibas-akcijas-noteikumi\/\",\"name\":\"L\u012bdzdal\u012bbas akcijas noteikumi - Staro R\u012bga\",\"isPartOf\":{\"@id\":\"https:\/\/staroriga.lv\/lv\/#website\"},\"datePublished\":\"2014-10-23T14:33:08+00:00\",\"dateModified\":\"2014-10-24T08:24:00+00:00\",\"breadcrumb\":{\"@id\":\"https:\/\/staroriga.lv\/lv\/lidzdalibas-akcijas-noteikumi\/#breadcrumb\"},\"inLanguage\":\"lv-LV\",\"potentialAction\":[{\"@type\":\"ReadAction\",\"target\":[[\"https:\/\/staroriga.lv\/lv\/lidzdalibas-akcijas-noteikumi\/\"]]}]},{\"@type\":\"BreadcrumbList\",\"@id\":\"https:\/\/staroriga.lv\/lv\/lidzdalibas-akcijas-noteikumi\/#breadcrumb\",\"itemListElement\":[{\"@type\":\"ListItem\",\"position\":1,\"name\":\"Home\",\"item\":\"https:\/\/staroriga.lv\/lv\/\"},{\"@type\":\"ListItem\",\"position\":2,\"name\":\"L\u012bdzdal\u012bbas akcijas noteikumi\"}]},{\"@type\":\"WebSite\",\"@id\":\"https:\/\/staroriga.lv\/lv\/#website\",\"url\":\"https:\/\/staroriga.lv\/lv\/\",\"name\":\"Staro R\u012bga\",\"description\":\"\",\"potentialAction\":[{\"@type\":\"SearchAction\",\"target\":{\"@type\":\"EntryPoint\",\"urlTemplate\":\"https:\/\/staroriga.lv\/lv\/?s={search_term_string}\"},\"query-input\":{\"@type\":\"PropertyValueSpecification\",\"valueRequired\":true,\"valueName\":\"search_term_string\"}}],\"inLanguage\":\"lv-LV\"}]}<\/script>\n<!-- \/ Yoast SEO plugin. -->","yoast_head_json":{"title":"L\u012bdzdal\u012bbas akcijas noteikumi - Staro R\u012bga","robots":{"index":"index","follow":"follow","max-snippet":"max-snippet:-1","max-image-preview":"max-image-preview:large","max-video-preview":"max-video-preview:-1"},"canonical":"https:\/\/staroriga.lv\/lv\/lidzdalibas-akcijas-noteikumi\/","og_locale":"lv_LV","og_type":"article","og_title":"L\u012bdzdal\u012bbas akcijas noteikumi - Staro R\u012bga","og_description":"R\u012bgas karnev\u0101la izgaismotie \/ p\u0101rveidotie logi L\u012bdzdal\u012bbas akcij\u0101 aicin\u0101ti piedal\u012bties iedz\u012bvot\u0101ji \/ uz\u0146\u0113mumi izgaismojot \/ p\u0101rveidojot atsevi\u0161\u0137u \u0113kas logu \/ skatlogu. Ikvienam ir iesp\u0113ja izveidot savu\u00a0\u201cR\u012bgas karnev\u0101la\u201d gaismas objektu log\u0101 izmantojot k\u0101du no gaismas tehnik\u0101m: pro\u017eektori, LED spuldz\u012btes un virtenes, kr\u0101sainas lampu spuldzes, neona gaismas un citi apgaismes \u0137erme\u0146i; projektori, kodoskopi, diaprojektori un citas multimediju [&hellip;]","og_url":"https:\/\/staroriga.lv\/lv\/lidzdalibas-akcijas-noteikumi\/","og_site_name":"Staro R\u012bga","article_publisher":"https:\/\/www.facebook.com\/staroriga","article_modified_time":"2014-10-24T08:24:00+00:00","og_image":[{"width":500,"height":500,"url":"https:\/\/staroriga.lv\/wp-content\/uploads\/2025\/11\/placeholder_2025_1.jpg","type":"image\/jpeg"}],"twitter_card":"summary_large_image","twitter_site":"@staroriga","twitter_misc":{"Est. reading time":"2 min\u016btes"},"schema":{"@context":"https:\/\/schema.org","@graph":[{"@type":"WebPage","@id":"https:\/\/staroriga.lv\/lv\/lidzdalibas-akcijas-noteikumi\/","url":"https:\/\/staroriga.lv\/lv\/lidzdalibas-akcijas-noteikumi\/","name":"L\u012bdzdal\u012bbas akcijas noteikumi - Staro R\u012bga","isPartOf":{"@id":"https:\/\/staroriga.lv\/lv\/#website"},"datePublished":"2014-10-23T14:33:08+00:00","dateModified":"2014-10-24T08:24:00+00:00","breadcrumb":{"@id":"https:\/\/staroriga.lv\/lv\/lidzdalibas-akcijas-noteikumi\/#breadcrumb"},"inLanguage":"lv-LV","potentialAction":[{"@type":"ReadAction","target":[["https:\/\/staroriga.lv\/lv\/lidzdalibas-akcijas-noteikumi\/"]]}]},{"@type":"BreadcrumbList","@id":"https:\/\/staroriga.lv\/lv\/lidzdalibas-akcijas-noteikumi\/#breadcrumb","itemListElement":[{"@type":"ListItem","position":1,"name":"Home","item":"https:\/\/staroriga.lv\/lv\/"},{"@type":"ListItem","position":2,"name":"L\u012bdzdal\u012bbas akcijas noteikumi"}]},{"@type":"WebSite","@id":"https:\/\/staroriga.lv\/lv\/#website","url":"https:\/\/staroriga.lv\/lv\/","name":"Staro R\u012bga","description":"","potentialAction":[{"@type":"SearchAction","target":{"@type":"EntryPoint","urlTemplate":"https:\/\/staroriga.lv\/lv\/?s={search_term_string}"},"query-input":{"@type":"PropertyValueSpecification","valueRequired":true,"valueName":"search_term_string"}}],"inLanguage":"lv-LV"}]}},"_links":{"self":[{"href":"https:\/\/staroriga.lv\/lv\/wp-json\/wp\/v2\/pages\/7373","targetHints":{"allow":["GET"]}}],"collection":[{"href":"https:\/\/staroriga.lv\/lv\/wp-json\/wp\/v2\/pages"}],"about":[{"href":"https:\/\/staroriga.lv\/lv\/wp-json\/wp\/v2\/types\/page"}],"author":[{"embeddable":true,"href":"https:\/\/staroriga.lv\/lv\/wp-json\/wp\/v2\/users\/1"}],"replies":[{"embeddable":true,"href":"https:\/\/staroriga.lv\/lv\/wp-json\/wp\/v2\/comments?post=7373"}],"version-history":[{"count":2,"href":"https:\/\/staroriga.lv\/lv\/wp-json\/wp\/v2\/pages\/7373\/revisions"}],"predecessor-version":[{"id":7379,"href":"https:\/\/staroriga.lv\/lv\/wp-json\/wp\/v2\/pages\/7373\/revisions\/7379"}],"wp:attachment":[{"href":"https:\/\/staroriga.lv\/lv\/wp-json\/wp\/v2\/media?parent=7373"}],"curies":[{"name":"wp","href":"https:\/\/api.w.org\/{rel}","templated":true}]}}