{"id":7336,"date":"2014-10-22T11:59:05","date_gmt":"2014-10-22T11:59:05","guid":{"rendered":"http:\/\/staroriga.lv\/?page_id=7336"},"modified":"2014-11-13T08:38:20","modified_gmt":"2014-11-13T08:38:20","slug":"rigas-karnevals","status":"publish","type":"page","link":"https:\/\/staroriga.lv\/lv\/rigas-karnevals\/","title":{"rendered":"PAR AKCIJU"},"content":{"rendered":"<p>Gaismas festiv\u0101ls \u201eStaro R\u012bga 2014\u201d aicina ikvienu gan uz\u0146\u0113mumus, gan iedz\u012bvot\u0101jus ar gaismu izkr\u0101sot Latvijas galvaspils\u0113tu, veidojot kr\u0101sainas gaismas instal\u0101cijas pils\u0113t\u0101.<\/p>\n<p>Piedalies festiv\u0101l\u0101 \u201eStaro R\u012bga\u201d ar\u012b tu:<\/p>\n<ul>\n<li>izveido pats savu gaismas objektu uz loga\u00a0vai fas\u0101des;<\/li>\n<li>piesaki\u00a0<a href=\"http:\/\/staroriga.lv\/karte\">\u0161eit<\/a><\/li>\n<\/ul>\n<p>Iekr\u0101sojot \u0113ku logus, r\u012bdzinieki ir aicin\u0101ti rad\u012bt sv\u0113tku saj\u016btu gan sev, gan pils\u0113tas viesiem.\u00a0Par R\u012bgas karnev\u0101la dal\u012bbniekiem k\u013c\u016bs nami ar kr\u0101sainiem izgaismotiem logiem un visi r\u012bdzinieki &#8211; par gaismu m\u0101ksliniekiem. Biroju un instit\u016bciju \u0113kas, veikalu skatlogi, dz\u012bvok\u013cu un priv\u0101tm\u0101ju logi iedegsies spo\u017e\u0101k t\u0101 radot sv\u0113tku noska\u0146ojumu vis\u0101 pils\u0113t\u0101.<\/p>\n<div class=\"responsive-container\"><iframe loading=\"lazy\" title=\"Staro R\u012bga 2014 - Piedalies R\u012bgas karnev\u0101l\u0101 un izgaismo savu pils\u0113tu!\" width=\"1778\" height=\"1000\" src=\"https:\/\/www.youtube.com\/embed\/2140u1BEx-s?feature=oembed\" frameborder=\"0\" allow=\"accelerometer; autoplay; clipboard-write; encrypted-media; gyroscope; picture-in-picture; web-share\" referrerpolicy=\"strict-origin-when-cross-origin\" allowfullscreen><\/iframe><\/div>\n<div class=\"responsive-container\"><iframe loading=\"lazy\" title=\"Staro R\u012bga 2014 - Piedalies R\u012bgas karnev\u0101l\u0101 un izgaismo savu pils\u0113tu!\" width=\"1778\" height=\"1000\" src=\"https:\/\/www.youtube.com\/embed\/sFpzt87JKAg?feature=oembed\" frameborder=\"0\" allow=\"accelerometer; autoplay; clipboard-write; encrypted-media; gyroscope; picture-in-picture; web-share\" referrerpolicy=\"strict-origin-when-cross-origin\" allowfullscreen><\/iframe><\/div>\n<p>Aicin\u0101m \u0113ku noform\u0113jum\u0101 Latvijas dzim\u0161anas dien\u0101 &#8211; 18. novembr\u012b &#8211; izmantot kr\u0101sainas sveces!<\/p>\n<p>Laik\u0101 no 14. l\u012bdz 18.novembrim r\u012bdzinieki tiek aicin\u0101ti veidot gaismas instal\u0101cijas namu logos un uz fas\u0101d\u0113m, izmantojot da\u017e\u0101das gaismas izmanto\u0161anas tehnikas. L\u012bdzdal\u012bbas akcija \u201cR\u012bgas karnev\u0101ls\u201d notiks div\u0101s kategorij\u0101s:<\/p>\n<ul>\n<li>R\u012bgas karnev\u0101la izgaismot\u0101s \/ p\u0101rveidot\u0101s fas\u0101des (<a href=\"http:\/\/staroriga.lv\/lidzdalibas-akcijas-noteikumi\/\">dal\u012bbas noteikumi<\/a>)<\/li>\n<li>R\u012bgas karnev\u0101la izgaismotie \/ p\u0101rveidotie logi\u00a0(<a href=\"http:\/\/staroriga.lv\/lidzdalibas-akcijas-noteikumi\/\">dal\u012bbas noteikumi<\/a>)<\/li>\n<\/ul>\n<p><\/p>","protected":false},"excerpt":{"rendered":"<p>Gaismas festiv\u0101ls \u201eStaro R\u012bga 2014\u201d aicina ikvienu gan uz\u0146\u0113mumus, gan iedz\u012bvot\u0101jus ar gaismu izkr\u0101sot Latvijas galvaspils\u0113tu, veidojot kr\u0101sainas gaismas instal\u0101cijas pils\u0113t\u0101. Piedalies festiv\u0101l\u0101 \u201eStaro R\u012bga\u201d ar\u012b tu: izveido pats savu gaismas objektu uz loga\u00a0vai fas\u0101des; piesaki\u00a0\u0161eit Iekr\u0101sojot \u0113ku logus, r\u012bdzinieki ir aicin\u0101ti rad\u012bt sv\u0113tku saj\u016btu gan sev, gan pils\u0113tas viesiem.\u00a0Par R\u012bgas karnev\u0101la dal\u012bbniekiem k\u013c\u016bs nami [&hellip;]<\/p>\n","protected":false},"author":1,"featured_media":0,"parent":0,"menu_order":0,"comment_status":"open","ping_status":"open","template":"page-templates\/karnevals.php","meta":{"_acf_changed":false,"inline_featured_image":false,"footnotes":""},"class_list":["post-7336","page","type-page","status-publish","hentry"],"acf":[],"yoast_head":"<!-- This site is optimized with the Yoast SEO plugin v26.2 - https:\/\/yoast.com\/wordpress\/plugins\/seo\/ -->\n<title>PAR AKCIJU - Staro R\u012bga<\/title>\n<meta name=\"robots\" content=\"index, follow, max-snippet:-1, max-image-preview:large, max-video-preview:-1\" \/>\n<link rel=\"canonical\" href=\"https:\/\/staroriga.lv\/lv\/rigas-karnevals\/\" \/>\n<meta property=\"og:locale\" content=\"lv_LV\" \/>\n<meta property=\"og:type\" content=\"article\" \/>\n<meta property=\"og:title\" content=\"PAR AKCIJU - Staro R\u012bga\" \/>\n<meta property=\"og:description\" content=\"Gaismas festiv\u0101ls \u201eStaro R\u012bga 2014\u201d aicina ikvienu gan uz\u0146\u0113mumus, gan iedz\u012bvot\u0101jus ar gaismu izkr\u0101sot Latvijas galvaspils\u0113tu, veidojot kr\u0101sainas gaismas instal\u0101cijas pils\u0113t\u0101. Piedalies festiv\u0101l\u0101 \u201eStaro R\u012bga\u201d ar\u012b tu: izveido pats savu gaismas objektu uz loga\u00a0vai fas\u0101des; piesaki\u00a0\u0161eit Iekr\u0101sojot \u0113ku logus, r\u012bdzinieki ir aicin\u0101ti rad\u012bt sv\u0113tku saj\u016btu gan sev, gan pils\u0113tas viesiem.\u00a0Par R\u012bgas karnev\u0101la dal\u012bbniekiem k\u013c\u016bs nami [&hellip;]\" \/>\n<meta property=\"og:url\" content=\"https:\/\/staroriga.lv\/lv\/rigas-karnevals\/\" \/>\n<meta property=\"og:site_name\" content=\"Staro R\u012bga\" \/>\n<meta property=\"article:publisher\" content=\"https:\/\/www.facebook.com\/staroriga\" \/>\n<meta property=\"article:modified_time\" content=\"2014-11-13T08:38:20+00:00\" \/>\n<meta property=\"og:image\" content=\"https:\/\/staroriga.lv\/wp-content\/uploads\/2025\/11\/placeholder_2025_1.jpg\" \/>\n\t<meta property=\"og:image:width\" content=\"500\" \/>\n\t<meta property=\"og:image:height\" content=\"500\" \/>\n\t<meta property=\"og:image:type\" content=\"image\/jpeg\" \/>\n<meta name=\"twitter:card\" content=\"summary_large_image\" \/>\n<meta name=\"twitter:site\" content=\"@staroriga\" \/>\n<meta name=\"twitter:label1\" content=\"Est. reading time\" \/>\n\t<meta name=\"twitter:data1\" content=\"1 min\u016bte\" \/>\n<script type=\"application\/ld+json\" class=\"yoast-schema-graph\">{\"@context\":\"https:\/\/schema.org\",\"@graph\":[{\"@type\":\"WebPage\",\"@id\":\"https:\/\/staroriga.lv\/lv\/rigas-karnevals\/\",\"url\":\"https:\/\/staroriga.lv\/lv\/rigas-karnevals\/\",\"name\":\"PAR AKCIJU - Staro R\u012bga\",\"isPartOf\":{\"@id\":\"https:\/\/staroriga.lv\/lv\/#website\"},\"datePublished\":\"2014-10-22T11:59:05+00:00\",\"dateModified\":\"2014-11-13T08:38:20+00:00\",\"breadcrumb\":{\"@id\":\"https:\/\/staroriga.lv\/lv\/rigas-karnevals\/#breadcrumb\"},\"inLanguage\":\"lv-LV\",\"potentialAction\":[{\"@type\":\"ReadAction\",\"target\":[[\"https:\/\/staroriga.lv\/lv\/rigas-karnevals\/\"]]}]},{\"@type\":\"BreadcrumbList\",\"@id\":\"https:\/\/staroriga.lv\/lv\/rigas-karnevals\/#breadcrumb\",\"itemListElement\":[{\"@type\":\"ListItem\",\"position\":1,\"name\":\"Home\",\"item\":\"https:\/\/staroriga.lv\/lv\/\"},{\"@type\":\"ListItem\",\"position\":2,\"name\":\"PAR AKCIJU\"}]},{\"@type\":\"WebSite\",\"@id\":\"https:\/\/staroriga.lv\/lv\/#website\",\"url\":\"https:\/\/staroriga.lv\/lv\/\",\"name\":\"Staro R\u012bga\",\"description\":\"\",\"potentialAction\":[{\"@type\":\"SearchAction\",\"target\":{\"@type\":\"EntryPoint\",\"urlTemplate\":\"https:\/\/staroriga.lv\/lv\/?s={search_term_string}\"},\"query-input\":{\"@type\":\"PropertyValueSpecification\",\"valueRequired\":true,\"valueName\":\"search_term_string\"}}],\"inLanguage\":\"lv-LV\"}]}<\/script>\n<!-- \/ Yoast SEO plugin. -->","yoast_head_json":{"title":"PAR AKCIJU - Staro R\u012bga","robots":{"index":"index","follow":"follow","max-snippet":"max-snippet:-1","max-image-preview":"max-image-preview:large","max-video-preview":"max-video-preview:-1"},"canonical":"https:\/\/staroriga.lv\/lv\/rigas-karnevals\/","og_locale":"lv_LV","og_type":"article","og_title":"PAR AKCIJU - Staro R\u012bga","og_description":"Gaismas festiv\u0101ls \u201eStaro R\u012bga 2014\u201d aicina ikvienu gan uz\u0146\u0113mumus, gan iedz\u012bvot\u0101jus ar gaismu izkr\u0101sot Latvijas galvaspils\u0113tu, veidojot kr\u0101sainas gaismas instal\u0101cijas pils\u0113t\u0101. Piedalies festiv\u0101l\u0101 \u201eStaro R\u012bga\u201d ar\u012b tu: izveido pats savu gaismas objektu uz loga\u00a0vai fas\u0101des; piesaki\u00a0\u0161eit Iekr\u0101sojot \u0113ku logus, r\u012bdzinieki ir aicin\u0101ti rad\u012bt sv\u0113tku saj\u016btu gan sev, gan pils\u0113tas viesiem.\u00a0Par R\u012bgas karnev\u0101la dal\u012bbniekiem k\u013c\u016bs nami [&hellip;]","og_url":"https:\/\/staroriga.lv\/lv\/rigas-karnevals\/","og_site_name":"Staro R\u012bga","article_publisher":"https:\/\/www.facebook.com\/staroriga","article_modified_time":"2014-11-13T08:38:20+00:00","og_image":[{"width":500,"height":500,"url":"https:\/\/staroriga.lv\/wp-content\/uploads\/2025\/11\/placeholder_2025_1.jpg","type":"image\/jpeg"}],"twitter_card":"summary_large_image","twitter_site":"@staroriga","twitter_misc":{"Est. reading time":"1 min\u016bte"},"schema":{"@context":"https:\/\/schema.org","@graph":[{"@type":"WebPage","@id":"https:\/\/staroriga.lv\/lv\/rigas-karnevals\/","url":"https:\/\/staroriga.lv\/lv\/rigas-karnevals\/","name":"PAR AKCIJU - Staro R\u012bga","isPartOf":{"@id":"https:\/\/staroriga.lv\/lv\/#website"},"datePublished":"2014-10-22T11:59:05+00:00","dateModified":"2014-11-13T08:38:20+00:00","breadcrumb":{"@id":"https:\/\/staroriga.lv\/lv\/rigas-karnevals\/#breadcrumb"},"inLanguage":"lv-LV","potentialAction":[{"@type":"ReadAction","target":[["https:\/\/staroriga.lv\/lv\/rigas-karnevals\/"]]}]},{"@type":"BreadcrumbList","@id":"https:\/\/staroriga.lv\/lv\/rigas-karnevals\/#breadcrumb","itemListElement":[{"@type":"ListItem","position":1,"name":"Home","item":"https:\/\/staroriga.lv\/lv\/"},{"@type":"ListItem","position":2,"name":"PAR AKCIJU"}]},{"@type":"WebSite","@id":"https:\/\/staroriga.lv\/lv\/#website","url":"https:\/\/staroriga.lv\/lv\/","name":"Staro R\u012bga","description":"","potentialAction":[{"@type":"SearchAction","target":{"@type":"EntryPoint","urlTemplate":"https:\/\/staroriga.lv\/lv\/?s={search_term_string}"},"query-input":{"@type":"PropertyValueSpecification","valueRequired":true,"valueName":"search_term_string"}}],"inLanguage":"lv-LV"}]}},"_links":{"self":[{"href":"https:\/\/staroriga.lv\/lv\/wp-json\/wp\/v2\/pages\/7336","targetHints":{"allow":["GET"]}}],"collection":[{"href":"https:\/\/staroriga.lv\/lv\/wp-json\/wp\/v2\/pages"}],"about":[{"href":"https:\/\/staroriga.lv\/lv\/wp-json\/wp\/v2\/types\/page"}],"author":[{"embeddable":true,"href":"https:\/\/staroriga.lv\/lv\/wp-json\/wp\/v2\/users\/1"}],"replies":[{"embeddable":true,"href":"https:\/\/staroriga.lv\/lv\/wp-json\/wp\/v2\/comments?post=7336"}],"version-history":[{"count":15,"href":"https:\/\/staroriga.lv\/lv\/wp-json\/wp\/v2\/pages\/7336\/revisions"}],"predecessor-version":[{"id":7355,"href":"https:\/\/staroriga.lv\/lv\/wp-json\/wp\/v2\/pages\/7336\/revisions\/7355"}],"wp:attachment":[{"href":"https:\/\/staroriga.lv\/lv\/wp-json\/wp\/v2\/media?parent=7336"}],"curies":[{"name":"wp","href":"https:\/\/api.w.org\/{rel}","templated":true}]}}