{"id":6289,"date":"2010-11-09T15:57:34","date_gmt":"2010-11-09T12:57:34","guid":{"rendered":"http:\/\/www.staro.lv\/"},"modified":"2010-11-09T15:57:34","modified_gmt":"2010-11-09T12:57:34","slug":"atbalstitaji","status":"publish","type":"page","link":"https:\/\/staroriga.lv\/lv\/atbalstitaji\/","title":{"rendered":"Atbalst\u012bt\u0101ji"},"content":{"rendered":"","protected":false},"excerpt":{"rendered":"","protected":false},"author":1,"featured_media":6280,"parent":0,"menu_order":0,"comment_status":"open","ping_status":"open","template":"","meta":{"_acf_changed":false,"inline_featured_image":false,"footnotes":""},"class_list":["post-6289","page","type-page","status-publish","has-post-thumbnail","hentry"],"acf":[],"yoast_head":"<!-- This site is optimized with the Yoast SEO plugin v26.2 - https:\/\/yoast.com\/wordpress\/plugins\/seo\/ -->\n<title>Atbalst\u012bt\u0101ji - Staro R\u012bga<\/title>\n<meta name=\"robots\" content=\"index, follow, max-snippet:-1, max-image-preview:large, max-video-preview:-1\" \/>\n<link rel=\"canonical\" href=\"https:\/\/staroriga.lv\/lv\/atbalstitaji\/\" \/>\n<meta property=\"og:locale\" content=\"lv_LV\" \/>\n<meta property=\"og:type\" content=\"article\" \/>\n<meta property=\"og:title\" content=\"Atbalst\u012bt\u0101ji - Staro R\u012bga\" \/>\n<meta property=\"og:url\" content=\"https:\/\/staroriga.lv\/lv\/atbalstitaji\/\" \/>\n<meta property=\"og:site_name\" content=\"Staro R\u012bga\" \/>\n<meta property=\"article:publisher\" content=\"https:\/\/www.facebook.com\/staroriga\" \/>\n<meta property=\"og:image\" content=\"https:\/\/staroriga.lv\/wp-content\/uploads\/2010\/11\/1-delfi.jpg\" \/>\n\t<meta property=\"og:image:width\" content=\"155\" \/>\n\t<meta property=\"og:image:height\" content=\"130\" \/>\n\t<meta property=\"og:image:type\" content=\"image\/jpeg\" \/>\n<meta name=\"twitter:card\" content=\"summary_large_image\" \/>\n<meta name=\"twitter:site\" content=\"@staroriga\" \/>\n<script type=\"application\/ld+json\" class=\"yoast-schema-graph\">{\"@context\":\"https:\/\/schema.org\",\"@graph\":[{\"@type\":\"WebPage\",\"@id\":\"https:\/\/staroriga.lv\/lv\/atbalstitaji\/\",\"url\":\"https:\/\/staroriga.lv\/lv\/atbalstitaji\/\",\"name\":\"Atbalst\u012bt\u0101ji - Staro R\u012bga\",\"isPartOf\":{\"@id\":\"https:\/\/staroriga.lv\/lv\/#website\"},\"primaryImageOfPage\":{\"@id\":\"https:\/\/staroriga.lv\/lv\/atbalstitaji\/#primaryimage\"},\"image\":{\"@id\":\"https:\/\/staroriga.lv\/atbalstitaji\/#primaryimage\"},\"thumbnailUrl\":\"https:\/\/staroriga.lv\/wp-content\/uploads\/2010\/11\/1-delfi.jpg\",\"datePublished\":\"2010-11-09T12:57:34+00:00\",\"breadcrumb\":{\"@id\":\"https:\/\/staroriga.lv\/lv\/atbalstitaji\/#breadcrumb\"},\"inLanguage\":\"lv-LV\",\"potentialAction\":[{\"@type\":\"ReadAction\",\"target\":[[\"https:\/\/staroriga.lv\/lv\/atbalstitaji\/\"]]}]},{\"@type\":\"ImageObject\",\"inLanguage\":\"lv-LV\",\"@id\":\"https:\/\/staroriga.lv\/lv\/atbalstitaji\/#primaryimage\",\"url\":\"https:\/\/staroriga.lv\/wp-content\/uploads\/2010\/11\/1-delfi.jpg\",\"contentUrl\":\"https:\/\/staroriga.lv\/wp-content\/uploads\/2010\/11\/1-delfi.jpg\",\"width\":155,\"height\":130,\"caption\":\"staro r\u012bga\"},{\"@type\":\"BreadcrumbList\",\"@id\":\"https:\/\/staroriga.lv\/lv\/atbalstitaji\/#breadcrumb\",\"itemListElement\":[{\"@type\":\"ListItem\",\"position\":1,\"name\":\"Home\",\"item\":\"https:\/\/staroriga.lv\/lv\/\"},{\"@type\":\"ListItem\",\"position\":2,\"name\":\"Atbalst\u012bt\u0101ji\"}]},{\"@type\":\"WebSite\",\"@id\":\"https:\/\/staroriga.lv\/lv\/#website\",\"url\":\"https:\/\/staroriga.lv\/lv\/\",\"name\":\"Staro R\u012bga\",\"description\":\"\",\"potentialAction\":[{\"@type\":\"SearchAction\",\"target\":{\"@type\":\"EntryPoint\",\"urlTemplate\":\"https:\/\/staroriga.lv\/lv\/?s={search_term_string}\"},\"query-input\":{\"@type\":\"PropertyValueSpecification\",\"valueRequired\":true,\"valueName\":\"search_term_string\"}}],\"inLanguage\":\"lv-LV\"}]}<\/script>\n<!-- \/ Yoast SEO plugin. -->","yoast_head_json":{"title":"Atbalst\u012bt\u0101ji - Staro R\u012bga","robots":{"index":"index","follow":"follow","max-snippet":"max-snippet:-1","max-image-preview":"max-image-preview:large","max-video-preview":"max-video-preview:-1"},"canonical":"https:\/\/staroriga.lv\/lv\/atbalstitaji\/","og_locale":"lv_LV","og_type":"article","og_title":"Atbalst\u012bt\u0101ji - Staro R\u012bga","og_url":"https:\/\/staroriga.lv\/lv\/atbalstitaji\/","og_site_name":"Staro R\u012bga","article_publisher":"https:\/\/www.facebook.com\/staroriga","og_image":[{"width":155,"height":130,"url":"https:\/\/staroriga.lv\/wp-content\/uploads\/2010\/11\/1-delfi.jpg","type":"image\/jpeg"}],"twitter_card":"summary_large_image","twitter_site":"@staroriga","schema":{"@context":"https:\/\/schema.org","@graph":[{"@type":"WebPage","@id":"https:\/\/staroriga.lv\/lv\/atbalstitaji\/","url":"https:\/\/staroriga.lv\/lv\/atbalstitaji\/","name":"Atbalst\u012bt\u0101ji - Staro R\u012bga","isPartOf":{"@id":"https:\/\/staroriga.lv\/lv\/#website"},"primaryImageOfPage":{"@id":"https:\/\/staroriga.lv\/lv\/atbalstitaji\/#primaryimage"},"image":{"@id":"https:\/\/staroriga.lv\/atbalstitaji\/#primaryimage"},"thumbnailUrl":"https:\/\/staroriga.lv\/wp-content\/uploads\/2010\/11\/1-delfi.jpg","datePublished":"2010-11-09T12:57:34+00:00","breadcrumb":{"@id":"https:\/\/staroriga.lv\/lv\/atbalstitaji\/#breadcrumb"},"inLanguage":"lv-LV","potentialAction":[{"@type":"ReadAction","target":[["https:\/\/staroriga.lv\/lv\/atbalstitaji\/"]]}]},{"@type":"ImageObject","inLanguage":"lv-LV","@id":"https:\/\/staroriga.lv\/lv\/atbalstitaji\/#primaryimage","url":"https:\/\/staroriga.lv\/wp-content\/uploads\/2010\/11\/1-delfi.jpg","contentUrl":"https:\/\/staroriga.lv\/wp-content\/uploads\/2010\/11\/1-delfi.jpg","width":155,"height":130,"caption":"staro r\u012bga"},{"@type":"BreadcrumbList","@id":"https:\/\/staroriga.lv\/lv\/atbalstitaji\/#breadcrumb","itemListElement":[{"@type":"ListItem","position":1,"name":"Home","item":"https:\/\/staroriga.lv\/lv\/"},{"@type":"ListItem","position":2,"name":"Atbalst\u012bt\u0101ji"}]},{"@type":"WebSite","@id":"https:\/\/staroriga.lv\/lv\/#website","url":"https:\/\/staroriga.lv\/lv\/","name":"Staro R\u012bga","description":"","potentialAction":[{"@type":"SearchAction","target":{"@type":"EntryPoint","urlTemplate":"https:\/\/staroriga.lv\/lv\/?s={search_term_string}"},"query-input":{"@type":"PropertyValueSpecification","valueRequired":true,"valueName":"search_term_string"}}],"inLanguage":"lv-LV"}]}},"_links":{"self":[{"href":"https:\/\/staroriga.lv\/lv\/wp-json\/wp\/v2\/pages\/6289","targetHints":{"allow":["GET"]}}],"collection":[{"href":"https:\/\/staroriga.lv\/lv\/wp-json\/wp\/v2\/pages"}],"about":[{"href":"https:\/\/staroriga.lv\/lv\/wp-json\/wp\/v2\/types\/page"}],"author":[{"embeddable":true,"href":"https:\/\/staroriga.lv\/lv\/wp-json\/wp\/v2\/users\/1"}],"replies":[{"embeddable":true,"href":"https:\/\/staroriga.lv\/lv\/wp-json\/wp\/v2\/comments?post=6289"}],"version-history":[{"count":0,"href":"https:\/\/staroriga.lv\/lv\/wp-json\/wp\/v2\/pages\/6289\/revisions"}],"wp:featuredmedia":[{"embeddable":true,"href":"https:\/\/staroriga.lv\/lv\/wp-json\/wp\/v2\/media\/6280"}],"wp:attachment":[{"href":"https:\/\/staroriga.lv\/lv\/wp-json\/wp\/v2\/media?parent=6289"}],"curies":[{"name":"wp","href":"https:\/\/api.w.org\/{rel}","templated":true}]}}