{"id":11073,"date":"2019-10-07T12:55:46","date_gmt":"2019-10-07T12:55:46","guid":{"rendered":"http:\/\/staroriga.lv\/?page_id=11073"},"modified":"2024-10-27T11:05:07","modified_gmt":"2024-10-27T09:05:07","slug":"terms-of-service","status":"publish","type":"page","link":"https:\/\/staroriga.lv\/lv\/terms-of-service\/","title":{"rendered":"\u201cStaro R\u012bga\u201d aplik\u0101cijas pakalpojuma noteikumi"},"content":{"rendered":"<p>Faktiskais datums: 2024. gada 28. oktobris.<\/p>\n<p>L\u016bdzu, uzman\u012bgi izlasiet pakalpojumu snieg\u0161anas noteikumus (&#8220;Noteikumi&#8221;). Lejupiel\u0101d\u0113jot, piek\u013c\u016bstot vai izmantojot Staro R\u012bga lietojumprogrammu (\u201cPakalpojums\u201d), j\u016bs piekr\u012btat iev\u0113rot \u0161os noteikumus un <a href=\"https:\/\/staroriga.lv\/lv\/privacy-policy\/\">konfidencialit\u0101tes politiku<\/a>. Ja nepiekr\u012btat \u0161iem noteikumiem vai <a href=\"https:\/\/staroriga.lv\/lv\/privacy-policy\/\">konfidencialit\u0101tes politikai<\/a>, nelietojiet pakalpojumu.<\/p>\n<p>Ir iesp\u0113ja, ka jebkur\u0101 laik\u0101 var main\u012btes vai tikt modific\u0113ti \u0161ie Noteikumi. M\u0113s iesak\u0101m jums p\u0101rskat\u012bt Noteikumus, lai p\u0101rliecin\u0101tos, ka saprotat pakalpojumu snieg\u0161anas noteikumus. Ja m\u0113s veiksim b\u016btiskas izmai\u0146as, m\u0113s j\u016bs \u012bpa\u0161i inform\u0113sim. Ja j\u016bs nepiekr\u012btat groz\u012btajiem noteikumiem, jums iesp\u0113ja p\u0101rtraukt pakalpojuma lieto\u0161anu un dz\u0113st to.<\/p>\n<p>J\u016bs apstiprin\u0101t, ka saprotat lieto\u0161anas noteikumus un piln\u012bb\u0101 piekr\u012btat tiem. Ja \u0161eit ir kaut kas nesaprotams, l\u016bdzu, sazinieties ar mums. Ja esat jaun\u0101ks par 18 gadiem, l\u016bdzu, l\u016bdziet pieaugu\u0161o, lai pal\u012bdz iepaz\u012bties ar \u0161iem noteikumiem un nosac\u012bjumiem un izskaidro visu, ko nesaprotat.<\/p>\n<p>M\u0113s neesam atbild\u012bgi par jebk\u0101du kait\u0113jumu vai kait\u0113jumu, izmantojot Pakalpojumu.<\/p>\n<p>&nbsp;<\/p>\n<p><strong>Lieto\u0161anas dati<\/strong><br \/>\nIzmantojot pakalpojumu, j\u016bs piekr\u012btat, ka tiek sav\u0101kta zin\u0101ma inform\u0101cija par j\u016bsu darb\u012bb\u0101m un ier\u012bci. Lai uzzin\u0101tu, k\u0101du inform\u0101ciju m\u0113s apkopojam un k\u0101 m\u0113s to izmantojam, l\u016bdzu, p\u0101rskatiet m\u016bsu <a href=\"https:\/\/staroriga.lv\/lv\/privacy-policy\/\">priv\u0101tuma politiku<\/a>.<\/p>\n<p>&nbsp;<\/p>\n<p><strong>Atsauksmes<\/strong><br \/>\nJ\u016bs piekr\u012btat, ka jebkura atgriezenisk\u0101 saite, ieteikumi, idejas vai cita inform\u0101cija vai materi\u0101li attiec\u012bb\u0101 uz Pakalpojumu, ko j\u016bs sniedzat, izmantojot e-pastu vai k\u0101 cit\u0101di, nav konfidenci\u0101li un k\u013c\u016bst par vien\u012bgo pakalpojuma \u012bpa\u0161umu.<\/p>\n<p>&nbsp;<\/p>\n<p><strong>Pakalpojumu izmai\u0146as<\/strong><br \/>\n\u0145emiet v\u0113r\u0101, ka n\u0101kotn\u0113 pakalpojuma atbalsts var tikt p\u0101rtraukts, t\u0101d\u0101 gad\u012bjum\u0101 j\u016bs, iesp\u0113jams, vairs nevar\u0113sit to izmantot.<\/p>\n<p>Mums ir ties\u012bbas modific\u0113t un uzlabot Pakalpojuma funkcionalit\u0101ti, par to nebr\u012bdinot lietot\u0101jus. J\u016bs piekr\u012btat, ka m\u0113s neb\u016bsim atbild\u012bgi par jebk\u0101d\u0101m Pakalpojuma vai t\u0101 da\u013cas izmai\u0146\u0101m, aptur\u0113\u0161anu vai p\u0101rtrauk\u0161anu.<\/p>","protected":false},"excerpt":{"rendered":"<p>Faktiskais datums: 2024. gada 28. oktobris. L\u016bdzu, uzman\u012bgi izlasiet pakalpojumu snieg\u0161anas noteikumus (&#8220;Noteikumi&#8221;). Lejupiel\u0101d\u0113jot, piek\u013c\u016bstot vai izmantojot Staro R\u012bga lietojumprogrammu (\u201cPakalpojums\u201d), j\u016bs piekr\u012btat iev\u0113rot \u0161os noteikumus un konfidencialit\u0101tes politiku. Ja nepiekr\u012btat \u0161iem noteikumiem vai konfidencialit\u0101tes politikai, nelietojiet pakalpojumu. Ir iesp\u0113ja, ka jebkur\u0101 laik\u0101 var main\u012btes vai tikt modific\u0113ti \u0161ie Noteikumi. M\u0113s iesak\u0101m jums p\u0101rskat\u012bt Noteikumus, [&hellip;]<\/p>\n","protected":false},"author":1,"featured_media":0,"parent":0,"menu_order":0,"comment_status":"closed","ping_status":"closed","template":"","meta":{"_acf_changed":false,"inline_featured_image":false,"footnotes":""},"class_list":["post-11073","page","type-page","status-publish","hentry"],"acf":[],"yoast_head":"<!-- This site is optimized with the Yoast SEO plugin v26.2 - https:\/\/yoast.com\/wordpress\/plugins\/seo\/ -->\n<title>\u201cStaro R\u012bga\u201d aplik\u0101cijas pakalpojuma noteikumi - Staro R\u012bga<\/title>\n<meta name=\"robots\" content=\"index, follow, max-snippet:-1, max-image-preview:large, max-video-preview:-1\" \/>\n<link rel=\"canonical\" href=\"https:\/\/staroriga.lv\/lv\/terms-of-service\/\" \/>\n<meta property=\"og:locale\" content=\"lv_LV\" \/>\n<meta property=\"og:type\" content=\"article\" \/>\n<meta property=\"og:title\" content=\"\u201cStaro R\u012bga\u201d aplik\u0101cijas pakalpojuma noteikumi - Staro R\u012bga\" \/>\n<meta property=\"og:description\" content=\"Faktiskais datums: 2024. gada 28. oktobris. L\u016bdzu, uzman\u012bgi izlasiet pakalpojumu snieg\u0161anas noteikumus (&#8220;Noteikumi&#8221;). Lejupiel\u0101d\u0113jot, piek\u013c\u016bstot vai izmantojot Staro R\u012bga lietojumprogrammu (\u201cPakalpojums\u201d), j\u016bs piekr\u012btat iev\u0113rot \u0161os noteikumus un konfidencialit\u0101tes politiku. Ja nepiekr\u012btat \u0161iem noteikumiem vai konfidencialit\u0101tes politikai, nelietojiet pakalpojumu. Ir iesp\u0113ja, ka jebkur\u0101 laik\u0101 var main\u012btes vai tikt modific\u0113ti \u0161ie Noteikumi. M\u0113s iesak\u0101m jums p\u0101rskat\u012bt Noteikumus, [&hellip;]\" \/>\n<meta property=\"og:url\" content=\"https:\/\/staroriga.lv\/lv\/terms-of-service\/\" \/>\n<meta property=\"og:site_name\" content=\"Staro R\u012bga\" \/>\n<meta property=\"article:publisher\" content=\"https:\/\/www.facebook.com\/staroriga\" \/>\n<meta property=\"article:modified_time\" content=\"2024-10-27T09:05:07+00:00\" \/>\n<meta property=\"og:image\" content=\"https:\/\/staroriga.lv\/wp-content\/uploads\/2025\/11\/placeholder_2025_1.jpg\" \/>\n\t<meta property=\"og:image:width\" content=\"500\" \/>\n\t<meta property=\"og:image:height\" content=\"500\" \/>\n\t<meta property=\"og:image:type\" content=\"image\/jpeg\" \/>\n<meta name=\"twitter:card\" content=\"summary_large_image\" \/>\n<meta name=\"twitter:site\" content=\"@staroriga\" \/>\n<meta name=\"twitter:label1\" content=\"Est. reading time\" \/>\n\t<meta name=\"twitter:data1\" content=\"2 min\u016btes\" \/>\n<script type=\"application\/ld+json\" class=\"yoast-schema-graph\">{\"@context\":\"https:\/\/schema.org\",\"@graph\":[{\"@type\":\"WebPage\",\"@id\":\"https:\/\/staroriga.lv\/lv\/terms-of-service\/\",\"url\":\"https:\/\/staroriga.lv\/lv\/terms-of-service\/\",\"name\":\"\u201cStaro R\u012bga\u201d aplik\u0101cijas pakalpojuma noteikumi - Staro R\u012bga\",\"isPartOf\":{\"@id\":\"https:\/\/staroriga.lv\/lv\/#website\"},\"datePublished\":\"2019-10-07T12:55:46+00:00\",\"dateModified\":\"2024-10-27T09:05:07+00:00\",\"breadcrumb\":{\"@id\":\"https:\/\/staroriga.lv\/lv\/terms-of-service\/#breadcrumb\"},\"inLanguage\":\"lv-LV\",\"potentialAction\":[{\"@type\":\"ReadAction\",\"target\":[[\"https:\/\/staroriga.lv\/lv\/terms-of-service\/\"]]}]},{\"@type\":\"BreadcrumbList\",\"@id\":\"https:\/\/staroriga.lv\/lv\/terms-of-service\/#breadcrumb\",\"itemListElement\":[{\"@type\":\"ListItem\",\"position\":1,\"name\":\"Home\",\"item\":\"https:\/\/staroriga.lv\/lv\/\"},{\"@type\":\"ListItem\",\"position\":2,\"name\":\"\u201cStaro R\u012bga\u201d aplik\u0101cijas pakalpojuma noteikumi\"}]},{\"@type\":\"WebSite\",\"@id\":\"https:\/\/staroriga.lv\/lv\/#website\",\"url\":\"https:\/\/staroriga.lv\/lv\/\",\"name\":\"Staro R\u012bga\",\"description\":\"\",\"potentialAction\":[{\"@type\":\"SearchAction\",\"target\":{\"@type\":\"EntryPoint\",\"urlTemplate\":\"https:\/\/staroriga.lv\/lv\/?s={search_term_string}\"},\"query-input\":{\"@type\":\"PropertyValueSpecification\",\"valueRequired\":true,\"valueName\":\"search_term_string\"}}],\"inLanguage\":\"lv-LV\"}]}<\/script>\n<!-- \/ Yoast SEO plugin. -->","yoast_head_json":{"title":"\u201cStaro R\u012bga\u201d aplik\u0101cijas pakalpojuma noteikumi - Staro R\u012bga","robots":{"index":"index","follow":"follow","max-snippet":"max-snippet:-1","max-image-preview":"max-image-preview:large","max-video-preview":"max-video-preview:-1"},"canonical":"https:\/\/staroriga.lv\/lv\/terms-of-service\/","og_locale":"lv_LV","og_type":"article","og_title":"\u201cStaro R\u012bga\u201d aplik\u0101cijas pakalpojuma noteikumi - Staro R\u012bga","og_description":"Faktiskais datums: 2024. gada 28. oktobris. L\u016bdzu, uzman\u012bgi izlasiet pakalpojumu snieg\u0161anas noteikumus (&#8220;Noteikumi&#8221;). Lejupiel\u0101d\u0113jot, piek\u013c\u016bstot vai izmantojot Staro R\u012bga lietojumprogrammu (\u201cPakalpojums\u201d), j\u016bs piekr\u012btat iev\u0113rot \u0161os noteikumus un konfidencialit\u0101tes politiku. Ja nepiekr\u012btat \u0161iem noteikumiem vai konfidencialit\u0101tes politikai, nelietojiet pakalpojumu. Ir iesp\u0113ja, ka jebkur\u0101 laik\u0101 var main\u012btes vai tikt modific\u0113ti \u0161ie Noteikumi. M\u0113s iesak\u0101m jums p\u0101rskat\u012bt Noteikumus, [&hellip;]","og_url":"https:\/\/staroriga.lv\/lv\/terms-of-service\/","og_site_name":"Staro R\u012bga","article_publisher":"https:\/\/www.facebook.com\/staroriga","article_modified_time":"2024-10-27T09:05:07+00:00","og_image":[{"width":500,"height":500,"url":"https:\/\/staroriga.lv\/wp-content\/uploads\/2025\/11\/placeholder_2025_1.jpg","type":"image\/jpeg"}],"twitter_card":"summary_large_image","twitter_site":"@staroriga","twitter_misc":{"Est. reading time":"2 min\u016btes"},"schema":{"@context":"https:\/\/schema.org","@graph":[{"@type":"WebPage","@id":"https:\/\/staroriga.lv\/lv\/terms-of-service\/","url":"https:\/\/staroriga.lv\/lv\/terms-of-service\/","name":"\u201cStaro R\u012bga\u201d aplik\u0101cijas pakalpojuma noteikumi - Staro R\u012bga","isPartOf":{"@id":"https:\/\/staroriga.lv\/lv\/#website"},"datePublished":"2019-10-07T12:55:46+00:00","dateModified":"2024-10-27T09:05:07+00:00","breadcrumb":{"@id":"https:\/\/staroriga.lv\/lv\/terms-of-service\/#breadcrumb"},"inLanguage":"lv-LV","potentialAction":[{"@type":"ReadAction","target":[["https:\/\/staroriga.lv\/lv\/terms-of-service\/"]]}]},{"@type":"BreadcrumbList","@id":"https:\/\/staroriga.lv\/lv\/terms-of-service\/#breadcrumb","itemListElement":[{"@type":"ListItem","position":1,"name":"Home","item":"https:\/\/staroriga.lv\/lv\/"},{"@type":"ListItem","position":2,"name":"\u201cStaro R\u012bga\u201d aplik\u0101cijas pakalpojuma noteikumi"}]},{"@type":"WebSite","@id":"https:\/\/staroriga.lv\/lv\/#website","url":"https:\/\/staroriga.lv\/lv\/","name":"Staro R\u012bga","description":"","potentialAction":[{"@type":"SearchAction","target":{"@type":"EntryPoint","urlTemplate":"https:\/\/staroriga.lv\/lv\/?s={search_term_string}"},"query-input":{"@type":"PropertyValueSpecification","valueRequired":true,"valueName":"search_term_string"}}],"inLanguage":"lv-LV"}]}},"_links":{"self":[{"href":"https:\/\/staroriga.lv\/lv\/wp-json\/wp\/v2\/pages\/11073","targetHints":{"allow":["GET"]}}],"collection":[{"href":"https:\/\/staroriga.lv\/lv\/wp-json\/wp\/v2\/pages"}],"about":[{"href":"https:\/\/staroriga.lv\/lv\/wp-json\/wp\/v2\/types\/page"}],"author":[{"embeddable":true,"href":"https:\/\/staroriga.lv\/lv\/wp-json\/wp\/v2\/users\/1"}],"replies":[{"embeddable":true,"href":"https:\/\/staroriga.lv\/lv\/wp-json\/wp\/v2\/comments?post=11073"}],"version-history":[{"count":6,"href":"https:\/\/staroriga.lv\/lv\/wp-json\/wp\/v2\/pages\/11073\/revisions"}],"predecessor-version":[{"id":13483,"href":"https:\/\/staroriga.lv\/lv\/wp-json\/wp\/v2\/pages\/11073\/revisions\/13483"}],"wp:attachment":[{"href":"https:\/\/staroriga.lv\/lv\/wp-json\/wp\/v2\/media?parent=11073"}],"curies":[{"name":"wp","href":"https:\/\/api.w.org\/{rel}","templated":true}]}}