{"id":11071,"date":"2019-10-07T12:55:22","date_gmt":"2019-10-07T12:55:22","guid":{"rendered":"http:\/\/staroriga.lv\/?page_id=11071"},"modified":"2024-10-27T11:05:53","modified_gmt":"2024-10-27T09:05:53","slug":"privacy-policy","status":"publish","type":"page","link":"https:\/\/staroriga.lv\/lv\/privacy-policy\/","title":{"rendered":"\u201cStaro R\u012bga\u201d aplik\u0101cijas priv\u0101tuma noteikumi"},"content":{"rendered":"<p>Faktiskais datums: 2024. gada 28. oktobris.<\/p>\n<p>Konfidencialit\u0101tes politik\u0101 ir aprakst\u012bta m\u016bsu prakse attiec\u012bb\u0101 uz datu apkopo\u0161anu, izmanto\u0161anu un izpau\u0161anu, ko m\u0113s apkopojam no lietot\u0101ja, izmantojot Staro R\u012bga lietojumprogrammu (\u201cPakalpojums\u201d). Piek\u013c\u016bstot Pakalpojumam vai izmantojot to, j\u016bs piekr\u012btat \u0161ai konfidencialit\u0101tes politikai un m\u016bsu <a href=\"https:\/\/staroriga.lv\/lv\/terms-of-service\/\">pakalpojumu snieg\u0161anas noteikumiem<\/a>.<\/p>\n<p>&nbsp;<\/p>\n<p><strong>Inform\u0101cija tiek sav\u0101kta autom\u0101tiski<\/strong><br \/>\nLietojot Pakalpojumu, tiek apkopota \u0161\u0101da inform\u0101cija:<\/p>\n<ul>\n<li>Inform\u0101cija par ier\u012bci. M\u0113s varam apkopot inform\u0101ciju par j\u016bsu mobilo ier\u012bci, ieskaitot t\u0101s modeli, oper\u0113t\u0101jsist\u0113mas veidu un versiju, valodu un re\u0123ion\u0101los iestat\u012bjumus.<\/li>\n<li>Anal\u012btiskie dati. M\u0113s izmantojam tre\u0161\u0101s puses anal\u012btisko r\u012bku \u201cAmplitude\u201d, kas \u012bpa\u0161niekam \u013cauj p\u0101rraudz\u012bt un analiz\u0113t t\u012bmek\u013ca trafiku un to var izmantot, lai izsekotu lietot\u0101ju uzved\u012bbai. Piem\u0113ram, m\u0113s varam re\u0123istr\u0113t ilgumu un lietot\u0101ju sesiju skaitu, j\u016bsu veikt\u0101s darb\u012bbas ar lietot\u0101ja interfeisu.<\/li>\n<\/ul>\n<p>&nbsp;<\/p>\n<p><strong>Apstr\u0101des m\u0113r\u0137i<\/strong><\/p>\n<ul>\n<li>Nov\u0113rt\u0113t sniegto produktu un pakalpojumu kvalit\u0101ti un uzlabot lietot\u0101ju pieredzi par Pakalpojumu.<\/li>\n<li>Tiek sav\u0101kta statistisk\u0101 un tiek apkopota inform\u0101cijas par pakalpojuma lietot\u0101jiem.<\/li>\n<\/ul>\n<p>&nbsp;<\/p>\n<p><strong>Inform\u0101cijas apmai\u0146a un izpau\u0161ana<\/strong><br \/>\nNo lietot\u0101ja apkopotie dati tiek izmantoti tikai iepriek\u0161 aprakst\u012btajiem m\u0113r\u0137iem, un tie nekad netiek koplietoti ar tre\u0161o personu pakalpojumiem.<\/p>\n<p>&nbsp;<\/p>\n<p><strong>Izmai\u0146as \u0161aj\u0101 politik\u0101<\/strong><br \/>\n\u012apa\u0161nieks patur ties\u012bbas jebkur\u0101 laik\u0101 veikt izmai\u0146as \u0161aj\u0101 priv\u0101tuma politik\u0101, pazi\u0146ojot par to lietot\u0101jiem \u0161aj\u0101 lap\u0101. Ja lietot\u0101js nepiekr\u012bt iev\u0113rot jaun\u0101s vai modific\u0113t\u0101s priv\u0101tuma politikas noteikumus, vi\u0146am \/ vi\u0146ai ir j\u0101p\u0101rtrauc Pakalpojuma lieto\u0161ana un tas ir j\u0101izdz\u0113\u0161. Turpm\u0101ka Pakalpojuma izmanto\u0161ana p\u0113c jebk\u0101d\u0101m izmai\u0146\u0101m \u0161aj\u0101 Priv\u0101tuma politik\u0101 noz\u012bm\u0113, ka lietot\u0101ji piekr\u012bt \u0161\u0101d\u0101m izmai\u0146\u0101m.<\/p>\n<p>&nbsp;<\/p>\n<p>Ja rodas k\u0101di jaut\u0101jumi, sazin\u0101ties ar mums e-past\u0101 <a href=\"mailto:twiceapps@gmail.com\">twiceapps@gmail.com<\/a>.<\/p>","protected":false},"excerpt":{"rendered":"<p>Faktiskais datums: 2024. gada 28. oktobris. Konfidencialit\u0101tes politik\u0101 ir aprakst\u012bta m\u016bsu prakse attiec\u012bb\u0101 uz datu apkopo\u0161anu, izmanto\u0161anu un izpau\u0161anu, ko m\u0113s apkopojam no lietot\u0101ja, izmantojot Staro R\u012bga lietojumprogrammu (\u201cPakalpojums\u201d). Piek\u013c\u016bstot Pakalpojumam vai izmantojot to, j\u016bs piekr\u012btat \u0161ai konfidencialit\u0101tes politikai un m\u016bsu pakalpojumu snieg\u0161anas noteikumiem. &nbsp; Inform\u0101cija tiek sav\u0101kta autom\u0101tiski Lietojot Pakalpojumu, tiek apkopota \u0161\u0101da inform\u0101cija: [&hellip;]<\/p>\n","protected":false},"author":1,"featured_media":0,"parent":0,"menu_order":0,"comment_status":"closed","ping_status":"closed","template":"","meta":{"_acf_changed":false,"inline_featured_image":false,"footnotes":""},"class_list":["post-11071","page","type-page","status-publish","hentry"],"acf":[],"yoast_head":"<!-- This site is optimized with the Yoast SEO plugin v26.2 - https:\/\/yoast.com\/wordpress\/plugins\/seo\/ -->\n<title>\u201cStaro R\u012bga\u201d aplik\u0101cijas priv\u0101tuma noteikumi - Staro R\u012bga<\/title>\n<meta name=\"robots\" content=\"index, follow, max-snippet:-1, max-image-preview:large, max-video-preview:-1\" \/>\n<link rel=\"canonical\" href=\"https:\/\/staroriga.lv\/lv\/privacy-policy\/\" \/>\n<meta property=\"og:locale\" content=\"lv_LV\" \/>\n<meta property=\"og:type\" content=\"article\" \/>\n<meta property=\"og:title\" content=\"\u201cStaro R\u012bga\u201d aplik\u0101cijas priv\u0101tuma noteikumi - Staro R\u012bga\" \/>\n<meta property=\"og:description\" content=\"Faktiskais datums: 2024. gada 28. oktobris. Konfidencialit\u0101tes politik\u0101 ir aprakst\u012bta m\u016bsu prakse attiec\u012bb\u0101 uz datu apkopo\u0161anu, izmanto\u0161anu un izpau\u0161anu, ko m\u0113s apkopojam no lietot\u0101ja, izmantojot Staro R\u012bga lietojumprogrammu (\u201cPakalpojums\u201d). Piek\u013c\u016bstot Pakalpojumam vai izmantojot to, j\u016bs piekr\u012btat \u0161ai konfidencialit\u0101tes politikai un m\u016bsu pakalpojumu snieg\u0161anas noteikumiem. &nbsp; Inform\u0101cija tiek sav\u0101kta autom\u0101tiski Lietojot Pakalpojumu, tiek apkopota \u0161\u0101da inform\u0101cija: [&hellip;]\" \/>\n<meta property=\"og:url\" content=\"https:\/\/staroriga.lv\/lv\/privacy-policy\/\" \/>\n<meta property=\"og:site_name\" content=\"Staro R\u012bga\" \/>\n<meta property=\"article:publisher\" content=\"https:\/\/www.facebook.com\/staroriga\" \/>\n<meta property=\"article:modified_time\" content=\"2024-10-27T09:05:53+00:00\" \/>\n<meta property=\"og:image\" content=\"https:\/\/staroriga.lv\/wp-content\/uploads\/2025\/11\/placeholder_2025_1.jpg\" \/>\n\t<meta property=\"og:image:width\" content=\"500\" \/>\n\t<meta property=\"og:image:height\" content=\"500\" \/>\n\t<meta property=\"og:image:type\" content=\"image\/jpeg\" \/>\n<meta name=\"twitter:card\" content=\"summary_large_image\" \/>\n<meta name=\"twitter:site\" content=\"@staroriga\" \/>\n<meta name=\"twitter:label1\" content=\"Est. reading time\" \/>\n\t<meta name=\"twitter:data1\" content=\"2 min\u016btes\" \/>\n<script type=\"application\/ld+json\" class=\"yoast-schema-graph\">{\"@context\":\"https:\/\/schema.org\",\"@graph\":[{\"@type\":\"WebPage\",\"@id\":\"https:\/\/staroriga.lv\/lv\/privacy-policy\/\",\"url\":\"https:\/\/staroriga.lv\/lv\/privacy-policy\/\",\"name\":\"\u201cStaro R\u012bga\u201d aplik\u0101cijas priv\u0101tuma noteikumi - Staro R\u012bga\",\"isPartOf\":{\"@id\":\"https:\/\/staroriga.lv\/lv\/#website\"},\"datePublished\":\"2019-10-07T12:55:22+00:00\",\"dateModified\":\"2024-10-27T09:05:53+00:00\",\"breadcrumb\":{\"@id\":\"https:\/\/staroriga.lv\/lv\/privacy-policy\/#breadcrumb\"},\"inLanguage\":\"lv-LV\",\"potentialAction\":[{\"@type\":\"ReadAction\",\"target\":[[\"https:\/\/staroriga.lv\/lv\/privacy-policy\/\"]]}]},{\"@type\":\"BreadcrumbList\",\"@id\":\"https:\/\/staroriga.lv\/lv\/privacy-policy\/#breadcrumb\",\"itemListElement\":[{\"@type\":\"ListItem\",\"position\":1,\"name\":\"Home\",\"item\":\"https:\/\/staroriga.lv\/lv\/\"},{\"@type\":\"ListItem\",\"position\":2,\"name\":\"\u201cStaro R\u012bga\u201d aplik\u0101cijas priv\u0101tuma noteikumi\"}]},{\"@type\":\"WebSite\",\"@id\":\"https:\/\/staroriga.lv\/lv\/#website\",\"url\":\"https:\/\/staroriga.lv\/lv\/\",\"name\":\"Staro R\u012bga\",\"description\":\"\",\"potentialAction\":[{\"@type\":\"SearchAction\",\"target\":{\"@type\":\"EntryPoint\",\"urlTemplate\":\"https:\/\/staroriga.lv\/lv\/?s={search_term_string}\"},\"query-input\":{\"@type\":\"PropertyValueSpecification\",\"valueRequired\":true,\"valueName\":\"search_term_string\"}}],\"inLanguage\":\"lv-LV\"}]}<\/script>\n<!-- \/ Yoast SEO plugin. -->","yoast_head_json":{"title":"\u201cStaro R\u012bga\u201d aplik\u0101cijas priv\u0101tuma noteikumi - Staro R\u012bga","robots":{"index":"index","follow":"follow","max-snippet":"max-snippet:-1","max-image-preview":"max-image-preview:large","max-video-preview":"max-video-preview:-1"},"canonical":"https:\/\/staroriga.lv\/lv\/privacy-policy\/","og_locale":"lv_LV","og_type":"article","og_title":"\u201cStaro R\u012bga\u201d aplik\u0101cijas priv\u0101tuma noteikumi - Staro R\u012bga","og_description":"Faktiskais datums: 2024. gada 28. oktobris. Konfidencialit\u0101tes politik\u0101 ir aprakst\u012bta m\u016bsu prakse attiec\u012bb\u0101 uz datu apkopo\u0161anu, izmanto\u0161anu un izpau\u0161anu, ko m\u0113s apkopojam no lietot\u0101ja, izmantojot Staro R\u012bga lietojumprogrammu (\u201cPakalpojums\u201d). Piek\u013c\u016bstot Pakalpojumam vai izmantojot to, j\u016bs piekr\u012btat \u0161ai konfidencialit\u0101tes politikai un m\u016bsu pakalpojumu snieg\u0161anas noteikumiem. &nbsp; Inform\u0101cija tiek sav\u0101kta autom\u0101tiski Lietojot Pakalpojumu, tiek apkopota \u0161\u0101da inform\u0101cija: [&hellip;]","og_url":"https:\/\/staroriga.lv\/lv\/privacy-policy\/","og_site_name":"Staro R\u012bga","article_publisher":"https:\/\/www.facebook.com\/staroriga","article_modified_time":"2024-10-27T09:05:53+00:00","og_image":[{"width":500,"height":500,"url":"https:\/\/staroriga.lv\/wp-content\/uploads\/2025\/11\/placeholder_2025_1.jpg","type":"image\/jpeg"}],"twitter_card":"summary_large_image","twitter_site":"@staroriga","twitter_misc":{"Est. reading time":"2 min\u016btes"},"schema":{"@context":"https:\/\/schema.org","@graph":[{"@type":"WebPage","@id":"https:\/\/staroriga.lv\/lv\/privacy-policy\/","url":"https:\/\/staroriga.lv\/lv\/privacy-policy\/","name":"\u201cStaro R\u012bga\u201d aplik\u0101cijas priv\u0101tuma noteikumi - Staro R\u012bga","isPartOf":{"@id":"https:\/\/staroriga.lv\/lv\/#website"},"datePublished":"2019-10-07T12:55:22+00:00","dateModified":"2024-10-27T09:05:53+00:00","breadcrumb":{"@id":"https:\/\/staroriga.lv\/lv\/privacy-policy\/#breadcrumb"},"inLanguage":"lv-LV","potentialAction":[{"@type":"ReadAction","target":[["https:\/\/staroriga.lv\/lv\/privacy-policy\/"]]}]},{"@type":"BreadcrumbList","@id":"https:\/\/staroriga.lv\/lv\/privacy-policy\/#breadcrumb","itemListElement":[{"@type":"ListItem","position":1,"name":"Home","item":"https:\/\/staroriga.lv\/lv\/"},{"@type":"ListItem","position":2,"name":"\u201cStaro R\u012bga\u201d aplik\u0101cijas priv\u0101tuma noteikumi"}]},{"@type":"WebSite","@id":"https:\/\/staroriga.lv\/lv\/#website","url":"https:\/\/staroriga.lv\/lv\/","name":"Staro R\u012bga","description":"","potentialAction":[{"@type":"SearchAction","target":{"@type":"EntryPoint","urlTemplate":"https:\/\/staroriga.lv\/lv\/?s={search_term_string}"},"query-input":{"@type":"PropertyValueSpecification","valueRequired":true,"valueName":"search_term_string"}}],"inLanguage":"lv-LV"}]}},"_links":{"self":[{"href":"https:\/\/staroriga.lv\/lv\/wp-json\/wp\/v2\/pages\/11071","targetHints":{"allow":["GET"]}}],"collection":[{"href":"https:\/\/staroriga.lv\/lv\/wp-json\/wp\/v2\/pages"}],"about":[{"href":"https:\/\/staroriga.lv\/lv\/wp-json\/wp\/v2\/types\/page"}],"author":[{"embeddable":true,"href":"https:\/\/staroriga.lv\/lv\/wp-json\/wp\/v2\/users\/1"}],"replies":[{"embeddable":true,"href":"https:\/\/staroriga.lv\/lv\/wp-json\/wp\/v2\/comments?post=11071"}],"version-history":[{"count":12,"href":"https:\/\/staroriga.lv\/lv\/wp-json\/wp\/v2\/pages\/11071\/revisions"}],"predecessor-version":[{"id":13484,"href":"https:\/\/staroriga.lv\/lv\/wp-json\/wp\/v2\/pages\/11071\/revisions\/13484"}],"wp:attachment":[{"href":"https:\/\/staroriga.lv\/lv\/wp-json\/wp\/v2\/media?parent=11071"}],"curies":[{"name":"wp","href":"https:\/\/api.w.org\/{rel}","templated":true}]}}