{"id":10147,"date":"2018-05-24T06:40:44","date_gmt":"2018-05-24T06:40:44","guid":{"rendered":"http:\/\/staroriga.lv\/?page_id=10147"},"modified":"2018-05-24T07:21:44","modified_gmt":"2018-05-24T07:21:44","slug":"sikdatnu-un-konfidencialitates-politika","status":"publish","type":"page","link":"https:\/\/staroriga.lv\/lv\/sikdatnu-un-konfidencialitates-politika\/","title":{"rendered":"S\u012bkdat\u0146u un konfidencialit\u0101tes politika"},"content":{"rendered":"<p><strong>S\u012bkdat\u0146u veido\u0161anas m\u0113r\u0137is un tiesiskais pamats<\/strong><\/p>\n<p>\u0160\u012b \u00a0t\u012bmek\u013ca vietne, t\u0101pat k\u0101 daudzas citas, izmanto s\u012bkdatnes, lai pal\u012bdz\u0113tu uzlabot t\u012bmek\u013ca vietnes lieto\u0161anas pieredzi un nodro\u0161in\u0101tu t\u0101s teicamu darb\u012bbu. S\u012bk\u0101k par m\u0113r\u0137iem skat\u012bt tabul\u0101, kur uzskait\u012btas s\u012bkdatnes.<\/p>\n<p>Apmekl\u0113jot \u0161o t\u012bmek\u013ca vietni, lietot\u0101jam tiek att\u0113lots logs ar zi\u0146ojumu par to, ka t\u012bmek\u013ca vietn\u0113 tiek izmantotas s\u012bkdatnes. Ja J\u016bs akcept\u0113jiet s\u012bkdat\u0146u pie\u0146em\u0161anu, s\u012bkdat\u0146u izmato\u0161anas tiesiskais pamats ir lietot\u0101ja piekri\u0161ana un J\u016bs apstipriniet, ka esiet iepazinies ar inform\u0101ciju par s\u012bkdatn\u0113m, to izmanto\u0161anas nol\u016bkiem, gad\u012bjumiem, kad inform\u0101cija tiek nodota tre\u0161aj\u0101m personai.<\/p>\n<p><strong>Personas datu aizsardz\u012bbas speci\u0101lists<\/strong> ir R\u012bgas domes Datu aizsardz\u012bbas un inform\u0101cijas tehnolo\u0123iju dro\u0161\u012bbas centrs, adrese: Kri\u0161j\u0101\u0146a Valdem\u0101ra iela 5, R\u012bga,<br \/>\nLV-1010, e-pasts <a href=\"mailto:dac@riga.lv\">dac@riga.lv<\/a><\/p>\n<p><strong>Inform\u0101cija par s\u012bkdatn\u0113m<\/strong><\/p>\n<p>J\u016bs m\u016bsu t\u012bmek\u013ca vietni esat atv\u0113ris, izmantojot k\u0101du no p\u0101rl\u016bkprogramm\u0101m, piem\u0113ram \u2013\u00a0<em>Chrome, Firefox, Safari, Edge, Opera<\/em>\u00a0vai citu.<\/p>\n<p>S\u012bkdatnes (<em>cookies<\/em>) ir inform\u0101cija, ko \u0161\u012b p\u0101rl\u016bkprogramma ieg\u016bst un saglab\u0101 br\u012bd\u012b, kad J\u016bs lietojat m\u016bsu \u00a0t\u012bmek\u013ca vietni. N\u0101kamreiz, kad atkal apmekl\u0113siet m\u016bsu vietni, p\u0101rl\u016bkprogramma atcer\u0113sies J\u016bsu darb\u012bbas un da\u013cu no t\u0101m paveiks J\u016bsu viet\u0101, piem\u0113ram, izv\u0113l\u0113sies darba valodu vai kontrol\u0113s s\u012bkdat\u0146u pazi\u0146ojuma att\u0113lo\u0161anu. Ar s\u012bkdat\u0146u pal\u012bdz\u012bbu vietne ieg\u016bst sp\u0113ju saglab\u0101t vietnes apmekl\u0113t\u0101ja p\u0101rl\u016bkprogrammas individu\u0101los iestat\u012bjumus, atpaz\u012bt tos un atbilsto\u0161i rea\u0123\u0113t.<\/p>\n<p><strong>S\u012bkdat\u0146u veidi un to pielietojums<\/strong><\/p>\n<p><strong>S\u012bkdat\u0146u veidi\u00a0<\/strong><\/p>\n<p>Ir divu veidu s\u012bkdatnes \u2014 sesijas, jeb noteikti nepiecie\u0161am\u0101s s\u012bkdatnes un past\u0101v\u012bg\u0101s s\u012bkdatnes. S\u012bkdatnes tiek iedal\u012btas ar\u012b pirm\u0101s vai tre\u0161\u0101s puses s\u012bkdatn\u0113s. T\u0101l\u0101k tekst\u0101 ir izskaidroti iepriek\u0161min\u0113tie j\u0113dzieni, lai J\u016bs var\u0113tu lab\u0101k izprast s\u012bkdat\u0146u b\u016bt\u012bbu un to, k\u0101d\u0113\u013c m\u0113s t\u0101s izmantojam.<\/p>\n<p><strong><em>Sesijas,<\/em><\/strong> <strong><em>jeb noteikti nepiecie\u0161am\u0101s s\u012bkdatnes\u00a0 <\/em><\/strong><\/p>\n<p>Sesijas, jeb noteikti nepiecie\u0161am\u0101s s\u012bkdatnes \u013cauj atpaz\u012bt p\u0101rl\u016bkprogrammu un J\u016bsu ier\u012bci, Interneta protokola (IP) adresi, kas pie\u0161\u0137irta J\u016bsu ier\u012bcei, kad apmekl\u0113jat konkr\u0113tu t\u012bmek\u013ca vietni, iegaum\u0113t jebkuras izmai\u0146as vai izv\u0113les konkr\u0113taj\u0101 vietn\u0113, lai t\u0101s b\u016btu izmatojamas ar\u012b cit\u0101s vietnes sada\u013c\u0101s, piem\u0113ram \u2013 nodro\u0161ina Jums piek\u013cuvi cit\u0101m &#8211; ierobe\u017eotas pieejam\u012bbas vietnes sada\u013c\u0101m p\u0113c tam, kad J\u016bs esat veiksm\u012bgi autoriz\u0113jies vietn\u0113, l\u012bdz br\u012bdim kad veicat darb\u012bgu izrakst\u012b\u0161anos (<em>Logout)<\/em>. \u0160\u012bs s\u012bkdatnes \u013cauj Jums \u0101tri un \u0113rti izmantot vienas vietnes vair\u0101kas lapas, izvairoties no vajadz\u012bbas autoriz\u0113ties vietn\u0113, lai apmekl\u0113tu katru vietnes aizsarg\u0101to sada\u013cu. Sesijas s\u012bkdatnes nav past\u0101v\u012bgas \u2013 to darb\u012bba beigsies, kad aizv\u0113rsiet p\u0101rl\u016bkprogrammu, kur\u0101 apskat\u012bj\u0101t vietni, vai ar\u012b p\u0101rtrauksiet sesiju konkr\u0113taj\u0101 \u00a0t\u012bmek\u013ca vietn\u0113.<\/p>\n<p><strong><em>Past\u0101v\u012bgas s\u012bkdatnes\u00a0<\/em><\/strong><\/p>\n<p>Past\u0101v\u012bg\u0101s s\u012bkdatnes ir s\u012bkdatnes, kas tiek saglab\u0101tas J\u016bsu ier\u012bc\u0113, ar kuru apskat\u0101t t\u012bmek\u013ca vietni, uz konkr\u0113tu iepriek\u0161 defin\u0113tu laika periodu, kur\u0101 laika atskaite tiek r\u0113\u0137in\u0101ta p\u0113c vietnes p\u0101rl\u016bko\u0161anas sesijas beig\u0101m. Saglab\u0101t\u0101s s\u012bkdatnes \u013cauj pielietot lietot\u0101ja izv\u0113les vai r\u012bc\u012bbu vietn\u0113 ikreiz, kad J\u016bs apmekl\u0113jat \u0161o vietni.<\/p>\n<p><strong><em>Pirm\u0101s puses s\u012bkdatnes\u00a0<\/em><\/strong><\/p>\n<p>Pirm\u0101s puses s\u012bkdatnes ir s\u012bkdatnes, ko veido m\u016bsu t\u012bmek\u013ca vietne. T\u0101s iesp\u0113jams atpaz\u012bt p\u0113c m\u016bsu vietnes dom\u0113na nosaukuma.<\/p>\n<p><strong><em>Tre\u0161\u0101s puses s\u012bkdatnes\u00a0<\/em><\/strong><\/p>\n<p>Tre\u0161\u0101s puses s\u012bkdatnes ir s\u012bkdatnes no t\u012bmek\u013ca vietn\u0113m, kas nepieder mums. \u0160\u0101du viet\u0146u dom\u0113na nosaukumi at\u0161\u0137iras no m\u016bsu vietnes dom\u0113na nosaukuma. Tre\u0161\u0101s puses s\u012bkdatnes ar\u012b var tikt saglab\u0101tas J\u016bsu ier\u012bc\u0113, no kuras p\u0101rl\u016bkojat m\u016bsu vietni.`<\/p>\n<p><strong>M\u016bsu t\u012bmek\u013ca vietn\u0113 staroriga.lv lietoto s\u012bkdat\u0146u saraksts<\/strong><\/p>\n<table width=\"114%\">\n<thead>\n<tr>\n<td><strong>T\u012bmek\u013ca vietnes nosaukums <\/strong><\/td>\n<td width=\"11%\"><strong>S\u012bkdatne<\/strong><\/td>\n<td width=\"12%\"><strong>S\u012bkdatnes tips<\/strong><\/td>\n<td width=\"43%\"><strong>S\u012bkdatnes pielietojums (m\u0113r\u0137is)<\/strong><\/td>\n<td width=\"16%\"><strong>S\u012bkdatnes der\u012bguma termi\u0146\u0161<\/strong><\/td>\n<\/tr>\n<\/thead>\n<tbody>\n<tr>\n<td>staroriga.lv<\/td>\n<td width=\"11%\">_ga<br \/>\n_gid<br \/>\n_gat<br \/>\n_gid<\/td>\n<td width=\"12%\">Tre\u0161\u0101s puses s\u012bkdatne<\/td>\n<td width=\"43%\">Tiek izmantotas, lai uzlabotu m\u016bsu t\u012bmek\u013ca vietni, analiz\u0113jot lietot\u0101ju paradumus. \u0160\u012bs s\u012bkdatnes nodro\u0161ina mums inform\u0101ciju, piem\u0113ram, par vietnes apmekl\u0113t\u0101ju skaitu un lietot\u0101ju apmekl\u0113taj\u0101m vietn\u0113m, un kop\u0113jo laiku, kas pavad\u012bts m\u016bsu vietn\u0113 (vair\u0101k inform\u0101cijas &#8211;\u00a0<a href=\"https:\/\/developers.google.com\/analytics\/devguides\/collection\/analyticsjs\/cookie-usage\">Google Analytics Cookie Usage on Websites<\/a>)<\/td>\n<td width=\"16%\">Past\u0101v\u012bgi<\/td>\n<\/tr>\n<tr>\n<td>staroriga.lv<\/td>\n<td width=\"11%\">PHPSESSID<\/td>\n<td width=\"12%\">Sesijas s\u012bkdatne<\/td>\n<td width=\"43%\">Sesijas, jeb noteikti nepiecie\u0161am\u0101 s\u012bkdatne, kas \u013cauj atpaz\u012bt p\u0101rl\u016bkprogrammu, J\u016bsu ier\u012bci un tai pie\u0161\u0137irto Interneta protokola (IP) adresi t\u012bmek\u013ca vietnes apmekl\u0113\u0161anas laik\u0101. Sesijas identifikatori k\u013c\u016bst vajadz\u012bgi gad\u012bjumos, kad sakaru infrastrukt\u016br\u0101 tiek lietots inform\u0101cijas apmai\u0146as protokols, piem\u0113ram, HTTP.<\/td>\n<td width=\"16%\">Sesija<\/p>\n<p>&nbsp;<\/p>\n<p>Tiek dz\u0113sti, aizverot p\u0101rl\u016bku.<\/td>\n<\/tr>\n<tr>\n<td>staroriga.lv<\/td>\n<td width=\"11%\">ldz_cp<\/td>\n<td width=\"12%\">t\u012bmek\u013ca vietnes s\u012bkdatne<\/td>\n<td width=\"43%\">Nosaka vai lietot\u0101js ir piekritis s\u012bkdat\u0146u izmanto\u0161anas noteikumiem un vai turpm\u0101k att\u0113lot pazi\u0146ojumu par s\u012bkdat\u0146u lietojumu<\/td>\n<td width=\"16%\">1 gads<\/td>\n<\/tr>\n<tr>\n<td>staroriga.lv<\/td>\n<td width=\"11%\">SID, SAPISID, APISID, SSID, HSID, NID, PREF<\/td>\n<td width=\"12%\">Izseko\u0161anas s\u012bkdatnes no Google Maps<\/td>\n<td width=\"43%\">Google kar\u0161u s\u012bkdatne, kas fiks\u0113 kartes izmanto\u0161anu (vair\u0101k inform\u0101cijas &#8211;\u00a0<a href=\"https:\/\/www.google.com\/policies\/technologies\/types\/\">Types of cookies used by Google<\/a>)<\/td>\n<td width=\"16%\">Liel\u0101ka da\u013ca 10 gadi<\/td>\n<\/tr>\n<\/tbody>\n<\/table>\n<p><strong>Inform\u0101cija par personas doto piekri\u0161anu s\u012bkdat\u0146u izveidei<\/strong><\/p>\n<p>M\u016bsu t\u012bmek\u013ca vietne tehniski saglab\u0101 inform\u0101ciju (IP adresi, datumu, laiku utt.) par J\u016bsu doto piekri\u0161anu vietnes s\u012bkdat\u0146u izveido\u0161anai J\u016bsu ier\u012bc\u0113, k\u0101 ar\u012b \u2013 inform\u0101ciju (IP adresi, datumu, laiku utt.), kad atsaucat doto piekri\u0161anu vietnes s\u012bkdat\u0146u izveido\u0161anai J\u016bsu ier\u012bc\u0113.<\/p>\n<p><strong>Personas piekri\u0161anas atcel\u0161ana un s\u012bkdat\u0146u izmanto\u0161anas ierobe\u017eo\u0161ana<\/strong><\/p>\n<p>S\u012bkdat\u0146u iestat\u012bjumus J\u016bs varat main\u012bt jebkur\u0101 laik\u0101 savas ier\u012bces Interneta p\u0101rl\u016bkprogramm\u0101. Piem\u0113ram, J\u016bs varat atcelt doto piekri\u0161anu s\u012bkdat\u0146u saglab\u0101\u0161anai atz\u012bm\u0113jot sav\u0101 p\u0101rl\u016bkprogramm\u0101 funkciju, kas \u013cauj noraid\u012bt visus s\u012bkdat\u0146u saglab\u0101\u0161anas priek\u0161likumus. \u0160os iestat\u012bjumus J\u016bs varat atrast savas interneta p\u0101rl\u016bkprogrammas izv\u0113ln\u0113s &#8220;Iesp\u0113jas&#8221; vai &#8220;Preferences&#8221;. Vair\u0101k inform\u0101cijas par to, k\u0101 konfigur\u0113t savas ier\u012bces Interneta p\u0101rl\u016bkprogrammu J\u016bs varat atrast zem\u0101k nor\u0101d\u012btaj\u0101s Interneta p\u0101rl\u016bkprogrammu vietn\u0113s:<\/p>\n<ul>\n<li>Chrome:\u00a0<a href=\"http:\/\/support.google.com\/chrome\/bin\/answer.py?hl=en&amp;answer=95647\">Google Chrome Help Center<\/a><\/li>\n<li>Firefox:\u00a0<a href=\"http:\/\/support.mozilla.org\/en-US\/kb\/cookies-information-websites-store-on-your-computer?redirectlocale=en-US&amp;redirectslug=Cookies\">Cookies &#8211; Information that websites store on your computer<\/a><\/li>\n<li>Safari:\u00a0<a href=\"https:\/\/support.apple.com\/kb\/PH21411\">Safari for macOS Sierra: Manage cookies and website data using Safari<\/a><\/li>\n<li>Edge:\u00a0<a href=\"https:\/\/privacy.microsoft.com\/en-us\/windows-10-microsoft-edge-and-privacy\">Microsoft Edge, browsing data, and privacy<\/a><\/li>\n<li>Opera:\u00a0<a href=\"http:\/\/www.opera.com\/help\/tutorials\/security\/privacy\/\">Security and Privacy in Opera (Referrals, redirections, and cookies)<\/a><\/li>\n<\/ul>\n<p><\/p>","protected":false},"excerpt":{"rendered":"<p>S\u012bkdat\u0146u veido\u0161anas m\u0113r\u0137is un tiesiskais pamats \u0160\u012b \u00a0t\u012bmek\u013ca vietne, t\u0101pat k\u0101 daudzas citas, izmanto s\u012bkdatnes, lai pal\u012bdz\u0113tu uzlabot t\u012bmek\u013ca vietnes lieto\u0161anas pieredzi un nodro\u0161in\u0101tu t\u0101s teicamu darb\u012bbu. S\u012bk\u0101k par m\u0113r\u0137iem skat\u012bt tabul\u0101, kur uzskait\u012btas s\u012bkdatnes. Apmekl\u0113jot \u0161o t\u012bmek\u013ca vietni, lietot\u0101jam tiek att\u0113lots logs ar zi\u0146ojumu par to, ka t\u012bmek\u013ca vietn\u0113 tiek izmantotas s\u012bkdatnes. Ja J\u016bs [&hellip;]<\/p>\n","protected":false},"author":1,"featured_media":0,"parent":0,"menu_order":0,"comment_status":"closed","ping_status":"closed","template":"","meta":{"_acf_changed":false,"inline_featured_image":false,"footnotes":""},"class_list":["post-10147","page","type-page","status-publish","hentry"],"acf":[],"yoast_head":"<!-- This site is optimized with the Yoast SEO plugin v26.2 - https:\/\/yoast.com\/wordpress\/plugins\/seo\/ -->\n<title>S\u012bkdat\u0146u un konfidencialit\u0101tes politika - Staro R\u012bga<\/title>\n<meta name=\"robots\" content=\"index, follow, max-snippet:-1, max-image-preview:large, max-video-preview:-1\" \/>\n<link rel=\"canonical\" href=\"https:\/\/staroriga.lv\/lv\/sikdatnu-un-konfidencialitates-politika\/\" \/>\n<meta property=\"og:locale\" content=\"lv_LV\" \/>\n<meta property=\"og:type\" content=\"article\" \/>\n<meta property=\"og:title\" content=\"S\u012bkdat\u0146u un konfidencialit\u0101tes politika - Staro R\u012bga\" \/>\n<meta property=\"og:description\" content=\"S\u012bkdat\u0146u veido\u0161anas m\u0113r\u0137is un tiesiskais pamats \u0160\u012b \u00a0t\u012bmek\u013ca vietne, t\u0101pat k\u0101 daudzas citas, izmanto s\u012bkdatnes, lai pal\u012bdz\u0113tu uzlabot t\u012bmek\u013ca vietnes lieto\u0161anas pieredzi un nodro\u0161in\u0101tu t\u0101s teicamu darb\u012bbu. S\u012bk\u0101k par m\u0113r\u0137iem skat\u012bt tabul\u0101, kur uzskait\u012btas s\u012bkdatnes. Apmekl\u0113jot \u0161o t\u012bmek\u013ca vietni, lietot\u0101jam tiek att\u0113lots logs ar zi\u0146ojumu par to, ka t\u012bmek\u013ca vietn\u0113 tiek izmantotas s\u012bkdatnes. Ja J\u016bs [&hellip;]\" \/>\n<meta property=\"og:url\" content=\"https:\/\/staroriga.lv\/lv\/sikdatnu-un-konfidencialitates-politika\/\" \/>\n<meta property=\"og:site_name\" content=\"Staro R\u012bga\" \/>\n<meta property=\"article:publisher\" content=\"https:\/\/www.facebook.com\/staroriga\" \/>\n<meta property=\"article:modified_time\" content=\"2018-05-24T07:21:44+00:00\" \/>\n<meta property=\"og:image\" content=\"https:\/\/staroriga.lv\/wp-content\/uploads\/2025\/11\/placeholder_2025_1.jpg\" \/>\n\t<meta property=\"og:image:width\" content=\"500\" \/>\n\t<meta property=\"og:image:height\" content=\"500\" \/>\n\t<meta property=\"og:image:type\" content=\"image\/jpeg\" \/>\n<meta name=\"twitter:card\" content=\"summary_large_image\" \/>\n<meta name=\"twitter:site\" content=\"@staroriga\" \/>\n<meta name=\"twitter:label1\" content=\"Est. reading time\" \/>\n\t<meta name=\"twitter:data1\" content=\"6 min\u016btes\" \/>\n<script type=\"application\/ld+json\" class=\"yoast-schema-graph\">{\"@context\":\"https:\/\/schema.org\",\"@graph\":[{\"@type\":\"WebPage\",\"@id\":\"https:\/\/staroriga.lv\/lv\/sikdatnu-un-konfidencialitates-politika\/\",\"url\":\"https:\/\/staroriga.lv\/lv\/sikdatnu-un-konfidencialitates-politika\/\",\"name\":\"S\u012bkdat\u0146u un konfidencialit\u0101tes politika - Staro R\u012bga\",\"isPartOf\":{\"@id\":\"https:\/\/staroriga.lv\/lv\/#website\"},\"datePublished\":\"2018-05-24T06:40:44+00:00\",\"dateModified\":\"2018-05-24T07:21:44+00:00\",\"breadcrumb\":{\"@id\":\"https:\/\/staroriga.lv\/lv\/sikdatnu-un-konfidencialitates-politika\/#breadcrumb\"},\"inLanguage\":\"lv-LV\",\"potentialAction\":[{\"@type\":\"ReadAction\",\"target\":[[\"https:\/\/staroriga.lv\/lv\/sikdatnu-un-konfidencialitates-politika\/\"]]}]},{\"@type\":\"BreadcrumbList\",\"@id\":\"https:\/\/staroriga.lv\/lv\/sikdatnu-un-konfidencialitates-politika\/#breadcrumb\",\"itemListElement\":[{\"@type\":\"ListItem\",\"position\":1,\"name\":\"Home\",\"item\":\"https:\/\/staroriga.lv\/lv\/\"},{\"@type\":\"ListItem\",\"position\":2,\"name\":\"S\u012bkdat\u0146u un konfidencialit\u0101tes politika\"}]},{\"@type\":\"WebSite\",\"@id\":\"https:\/\/staroriga.lv\/lv\/#website\",\"url\":\"https:\/\/staroriga.lv\/lv\/\",\"name\":\"Staro R\u012bga\",\"description\":\"\",\"potentialAction\":[{\"@type\":\"SearchAction\",\"target\":{\"@type\":\"EntryPoint\",\"urlTemplate\":\"https:\/\/staroriga.lv\/lv\/?s={search_term_string}\"},\"query-input\":{\"@type\":\"PropertyValueSpecification\",\"valueRequired\":true,\"valueName\":\"search_term_string\"}}],\"inLanguage\":\"lv-LV\"}]}<\/script>\n<!-- \/ Yoast SEO plugin. -->","yoast_head_json":{"title":"S\u012bkdat\u0146u un konfidencialit\u0101tes politika - Staro R\u012bga","robots":{"index":"index","follow":"follow","max-snippet":"max-snippet:-1","max-image-preview":"max-image-preview:large","max-video-preview":"max-video-preview:-1"},"canonical":"https:\/\/staroriga.lv\/lv\/sikdatnu-un-konfidencialitates-politika\/","og_locale":"lv_LV","og_type":"article","og_title":"S\u012bkdat\u0146u un konfidencialit\u0101tes politika - Staro R\u012bga","og_description":"S\u012bkdat\u0146u veido\u0161anas m\u0113r\u0137is un tiesiskais pamats \u0160\u012b \u00a0t\u012bmek\u013ca vietne, t\u0101pat k\u0101 daudzas citas, izmanto s\u012bkdatnes, lai pal\u012bdz\u0113tu uzlabot t\u012bmek\u013ca vietnes lieto\u0161anas pieredzi un nodro\u0161in\u0101tu t\u0101s teicamu darb\u012bbu. S\u012bk\u0101k par m\u0113r\u0137iem skat\u012bt tabul\u0101, kur uzskait\u012btas s\u012bkdatnes. Apmekl\u0113jot \u0161o t\u012bmek\u013ca vietni, lietot\u0101jam tiek att\u0113lots logs ar zi\u0146ojumu par to, ka t\u012bmek\u013ca vietn\u0113 tiek izmantotas s\u012bkdatnes. Ja J\u016bs [&hellip;]","og_url":"https:\/\/staroriga.lv\/lv\/sikdatnu-un-konfidencialitates-politika\/","og_site_name":"Staro R\u012bga","article_publisher":"https:\/\/www.facebook.com\/staroriga","article_modified_time":"2018-05-24T07:21:44+00:00","og_image":[{"width":500,"height":500,"url":"https:\/\/staroriga.lv\/wp-content\/uploads\/2025\/11\/placeholder_2025_1.jpg","type":"image\/jpeg"}],"twitter_card":"summary_large_image","twitter_site":"@staroriga","twitter_misc":{"Est. reading time":"6 min\u016btes"},"schema":{"@context":"https:\/\/schema.org","@graph":[{"@type":"WebPage","@id":"https:\/\/staroriga.lv\/lv\/sikdatnu-un-konfidencialitates-politika\/","url":"https:\/\/staroriga.lv\/lv\/sikdatnu-un-konfidencialitates-politika\/","name":"S\u012bkdat\u0146u un konfidencialit\u0101tes politika - Staro R\u012bga","isPartOf":{"@id":"https:\/\/staroriga.lv\/lv\/#website"},"datePublished":"2018-05-24T06:40:44+00:00","dateModified":"2018-05-24T07:21:44+00:00","breadcrumb":{"@id":"https:\/\/staroriga.lv\/lv\/sikdatnu-un-konfidencialitates-politika\/#breadcrumb"},"inLanguage":"lv-LV","potentialAction":[{"@type":"ReadAction","target":[["https:\/\/staroriga.lv\/lv\/sikdatnu-un-konfidencialitates-politika\/"]]}]},{"@type":"BreadcrumbList","@id":"https:\/\/staroriga.lv\/lv\/sikdatnu-un-konfidencialitates-politika\/#breadcrumb","itemListElement":[{"@type":"ListItem","position":1,"name":"Home","item":"https:\/\/staroriga.lv\/lv\/"},{"@type":"ListItem","position":2,"name":"S\u012bkdat\u0146u un konfidencialit\u0101tes politika"}]},{"@type":"WebSite","@id":"https:\/\/staroriga.lv\/lv\/#website","url":"https:\/\/staroriga.lv\/lv\/","name":"Staro R\u012bga","description":"","potentialAction":[{"@type":"SearchAction","target":{"@type":"EntryPoint","urlTemplate":"https:\/\/staroriga.lv\/lv\/?s={search_term_string}"},"query-input":{"@type":"PropertyValueSpecification","valueRequired":true,"valueName":"search_term_string"}}],"inLanguage":"lv-LV"}]}},"_links":{"self":[{"href":"https:\/\/staroriga.lv\/lv\/wp-json\/wp\/v2\/pages\/10147","targetHints":{"allow":["GET"]}}],"collection":[{"href":"https:\/\/staroriga.lv\/lv\/wp-json\/wp\/v2\/pages"}],"about":[{"href":"https:\/\/staroriga.lv\/lv\/wp-json\/wp\/v2\/types\/page"}],"author":[{"embeddable":true,"href":"https:\/\/staroriga.lv\/lv\/wp-json\/wp\/v2\/users\/1"}],"replies":[{"embeddable":true,"href":"https:\/\/staroriga.lv\/lv\/wp-json\/wp\/v2\/comments?post=10147"}],"version-history":[{"count":5,"href":"https:\/\/staroriga.lv\/lv\/wp-json\/wp\/v2\/pages\/10147\/revisions"}],"predecessor-version":[{"id":10152,"href":"https:\/\/staroriga.lv\/lv\/wp-json\/wp\/v2\/pages\/10147\/revisions\/10152"}],"wp:attachment":[{"href":"https:\/\/staroriga.lv\/lv\/wp-json\/wp\/v2\/media?parent=10147"}],"curies":[{"name":"wp","href":"https:\/\/api.w.org\/{rel}","templated":true}]}}