{"id":10147,"date":"2018-05-24T06:40:44","date_gmt":"2018-05-24T06:40:44","guid":{"rendered":"http:\/\/staroriga.lv\/?page_id=10147"},"modified":"2018-05-24T07:21:44","modified_gmt":"2018-05-24T07:21:44","slug":"sikdatnu-un-konfidencialitates-politika","status":"publish","type":"page","link":"https:\/\/staroriga.lv\/en\/sikdatnu-un-konfidencialitates-politika\/","title":{"rendered":"S\u012bkdat\u0146u un konfidencialit\u0101tes politika"},"content":{"rendered":"<p class=\"qtranxs-available-languages-message qtranxs-available-languages-message-en\">Sorry, this entry is only available in <a href=\"https:\/\/staroriga.lv\/lv\/wp-json\/wp\/v2\/pages\/10147\" class=\"qtranxs-available-language-link qtranxs-available-language-link-lv\" title=\"Latvie\u0161u\">Latvie\u0161u<\/a>.<\/p>","protected":false},"excerpt":{"rendered":"<p>Sorry, this entry is only available in Latvie\u0161u.<\/p>\n","protected":false},"author":1,"featured_media":0,"parent":0,"menu_order":0,"comment_status":"closed","ping_status":"closed","template":"","meta":{"_acf_changed":false,"inline_featured_image":false,"footnotes":""},"class_list":["post-10147","page","type-page","status-publish","hentry"],"acf":[],"yoast_head":"<!-- This site is optimized with the Yoast SEO plugin v26.2 - https:\/\/yoast.com\/wordpress\/plugins\/seo\/ -->\n<title>S\u012bkdat\u0146u un konfidencialit\u0101tes politika - Staro R\u012bga<\/title>\n<meta name=\"robots\" content=\"index, follow, max-snippet:-1, max-image-preview:large, max-video-preview:-1\" \/>\n<link rel=\"canonical\" href=\"https:\/\/staroriga.lv\/en\/sikdatnu-un-konfidencialitates-politika\/\" \/>\n<meta property=\"og:locale\" content=\"en_US\" \/>\n<meta property=\"og:type\" content=\"article\" \/>\n<meta property=\"og:title\" content=\"S\u012bkdat\u0146u un konfidencialit\u0101tes politika - Staro R\u012bga\" \/>\n<meta property=\"og:description\" content=\"Sorry, this entry is only available in Latvie\u0161u.\" \/>\n<meta property=\"og:url\" content=\"https:\/\/staroriga.lv\/en\/sikdatnu-un-konfidencialitates-politika\/\" \/>\n<meta property=\"og:site_name\" content=\"Staro R\u012bga\" \/>\n<meta property=\"article:publisher\" content=\"https:\/\/www.facebook.com\/staroriga\" \/>\n<meta property=\"article:modified_time\" content=\"2018-05-24T07:21:44+00:00\" \/>\n<meta property=\"og:image\" content=\"https:\/\/staroriga.lv\/wp-content\/uploads\/2025\/11\/placeholder_2025_1.jpg\" \/>\n\t<meta property=\"og:image:width\" content=\"500\" \/>\n\t<meta property=\"og:image:height\" content=\"500\" \/>\n\t<meta property=\"og:image:type\" content=\"image\/jpeg\" \/>\n<meta name=\"twitter:card\" content=\"summary_large_image\" \/>\n<meta name=\"twitter:site\" content=\"@staroriga\" \/>\n<meta name=\"twitter:label1\" content=\"Est. reading time\" \/>\n\t<meta name=\"twitter:data1\" content=\"6 minutes\" \/>\n<script type=\"application\/ld+json\" class=\"yoast-schema-graph\">{\"@context\":\"https:\/\/schema.org\",\"@graph\":[{\"@type\":\"WebPage\",\"@id\":\"https:\/\/staroriga.lv\/en\/sikdatnu-un-konfidencialitates-politika\/\",\"url\":\"https:\/\/staroriga.lv\/en\/sikdatnu-un-konfidencialitates-politika\/\",\"name\":\"S\u012bkdat\u0146u un konfidencialit\u0101tes politika - Staro R\u012bga\",\"isPartOf\":{\"@id\":\"https:\/\/staroriga.lv\/en\/#website\"},\"datePublished\":\"2018-05-24T06:40:44+00:00\",\"dateModified\":\"2018-05-24T07:21:44+00:00\",\"breadcrumb\":{\"@id\":\"https:\/\/staroriga.lv\/en\/sikdatnu-un-konfidencialitates-politika\/#breadcrumb\"},\"inLanguage\":\"en-US\",\"potentialAction\":[{\"@type\":\"ReadAction\",\"target\":[[\"https:\/\/staroriga.lv\/en\/sikdatnu-un-konfidencialitates-politika\/\"]]}]},{\"@type\":\"BreadcrumbList\",\"@id\":\"https:\/\/staroriga.lv\/en\/sikdatnu-un-konfidencialitates-politika\/#breadcrumb\",\"itemListElement\":[{\"@type\":\"ListItem\",\"position\":1,\"name\":\"Home\",\"item\":\"https:\/\/staroriga.lv\/en\/\"},{\"@type\":\"ListItem\",\"position\":2,\"name\":\"S\u012bkdat\u0146u un konfidencialit\u0101tes politika\"}]},{\"@type\":\"WebSite\",\"@id\":\"https:\/\/staroriga.lv\/en\/#website\",\"url\":\"https:\/\/staroriga.lv\/en\/\",\"name\":\"Staro R\u012bga\",\"description\":\"\",\"potentialAction\":[{\"@type\":\"SearchAction\",\"target\":{\"@type\":\"EntryPoint\",\"urlTemplate\":\"https:\/\/staroriga.lv\/en\/?s={search_term_string}\"},\"query-input\":{\"@type\":\"PropertyValueSpecification\",\"valueRequired\":true,\"valueName\":\"search_term_string\"}}],\"inLanguage\":\"en-US\"}]}<\/script>\n<!-- \/ Yoast SEO plugin. -->","yoast_head_json":{"title":"S\u012bkdat\u0146u un konfidencialit\u0101tes politika - Staro R\u012bga","robots":{"index":"index","follow":"follow","max-snippet":"max-snippet:-1","max-image-preview":"max-image-preview:large","max-video-preview":"max-video-preview:-1"},"canonical":"https:\/\/staroriga.lv\/en\/sikdatnu-un-konfidencialitates-politika\/","og_locale":"en_US","og_type":"article","og_title":"S\u012bkdat\u0146u un konfidencialit\u0101tes politika - Staro R\u012bga","og_description":"Sorry, this entry is only available in Latvie\u0161u.","og_url":"https:\/\/staroriga.lv\/en\/sikdatnu-un-konfidencialitates-politika\/","og_site_name":"Staro R\u012bga","article_publisher":"https:\/\/www.facebook.com\/staroriga","article_modified_time":"2018-05-24T07:21:44+00:00","og_image":[{"width":500,"height":500,"url":"https:\/\/staroriga.lv\/wp-content\/uploads\/2025\/11\/placeholder_2025_1.jpg","type":"image\/jpeg"}],"twitter_card":"summary_large_image","twitter_site":"@staroriga","twitter_misc":{"Est. reading time":"6 minutes"},"schema":{"@context":"https:\/\/schema.org","@graph":[{"@type":"WebPage","@id":"https:\/\/staroriga.lv\/en\/sikdatnu-un-konfidencialitates-politika\/","url":"https:\/\/staroriga.lv\/en\/sikdatnu-un-konfidencialitates-politika\/","name":"S\u012bkdat\u0146u un konfidencialit\u0101tes politika - Staro R\u012bga","isPartOf":{"@id":"https:\/\/staroriga.lv\/en\/#website"},"datePublished":"2018-05-24T06:40:44+00:00","dateModified":"2018-05-24T07:21:44+00:00","breadcrumb":{"@id":"https:\/\/staroriga.lv\/en\/sikdatnu-un-konfidencialitates-politika\/#breadcrumb"},"inLanguage":"en-US","potentialAction":[{"@type":"ReadAction","target":[["https:\/\/staroriga.lv\/en\/sikdatnu-un-konfidencialitates-politika\/"]]}]},{"@type":"BreadcrumbList","@id":"https:\/\/staroriga.lv\/en\/sikdatnu-un-konfidencialitates-politika\/#breadcrumb","itemListElement":[{"@type":"ListItem","position":1,"name":"Home","item":"https:\/\/staroriga.lv\/en\/"},{"@type":"ListItem","position":2,"name":"S\u012bkdat\u0146u un konfidencialit\u0101tes politika"}]},{"@type":"WebSite","@id":"https:\/\/staroriga.lv\/en\/#website","url":"https:\/\/staroriga.lv\/en\/","name":"Staro R\u012bga","description":"","potentialAction":[{"@type":"SearchAction","target":{"@type":"EntryPoint","urlTemplate":"https:\/\/staroriga.lv\/en\/?s={search_term_string}"},"query-input":{"@type":"PropertyValueSpecification","valueRequired":true,"valueName":"search_term_string"}}],"inLanguage":"en-US"}]}},"_links":{"self":[{"href":"https:\/\/staroriga.lv\/en\/wp-json\/wp\/v2\/pages\/10147","targetHints":{"allow":["GET"]}}],"collection":[{"href":"https:\/\/staroriga.lv\/en\/wp-json\/wp\/v2\/pages"}],"about":[{"href":"https:\/\/staroriga.lv\/en\/wp-json\/wp\/v2\/types\/page"}],"author":[{"embeddable":true,"href":"https:\/\/staroriga.lv\/en\/wp-json\/wp\/v2\/users\/1"}],"replies":[{"embeddable":true,"href":"https:\/\/staroriga.lv\/en\/wp-json\/wp\/v2\/comments?post=10147"}],"version-history":[{"count":0,"href":"https:\/\/staroriga.lv\/en\/wp-json\/wp\/v2\/pages\/10147\/revisions"}],"wp:attachment":[{"href":"https:\/\/staroriga.lv\/en\/wp-json\/wp\/v2\/media?parent=10147"}],"curies":[{"name":"wp","href":"https:\/\/api.w.org\/{rel}","templated":true}]}}